{"id":7084,"date":"2025-05-11T17:17:01","date_gmt":"2025-05-11T14:17:01","guid":{"rendered":"https:\/\/tokozint.com\/?page_id=7084"},"modified":"2025-05-11T18:54:57","modified_gmt":"2025-05-11T15:54:57","slug":"wood-deck-elevation-systems","status":"publish","type":"page","link":"https:\/\/tokozint.com\/tr\/wood-deck-elevation-systems\/","title":{"rendered":"Ah\u015fap Deck Y\u00fckseltme Sistemleri"},"content":{"rendered":"<div data-elementor-type=\"wp-page\" data-elementor-id=\"7084\" class=\"elementor elementor-7084\" data-elementor-post-type=\"page\">\n\t\t\t\t<div class=\"elementor-element elementor-element-aa462bd e-flex e-con-boxed e-con e-parent\" data-id=\"aa462bd\" data-element_type=\"container\" data-e-type=\"container\">\n\t\t\t\t\t<div class=\"e-con-inner\">\n\t\t\t\t<div class=\"elementor-element elementor-element-3d3705e elementor-widget elementor-widget-text-editor\" data-id=\"3d3705e\" data-element_type=\"widget\" data-e-type=\"widget\" data-widget_type=\"text-editor.default\">\n\t\t\t\t<div class=\"elementor-widget-container\">\n\t\t\t\t\t\t\t\t\t<h5><strong>Ah\u015fap Deck Y\u00fckseltme Sistemleri<\/strong><\/h5><p>Wood deck elevation system | With wood deck elevation systems, you can make your living spaces such as villas, cottages or workplaces both more comfortable and longer-lasting material and floor usage.<\/p><p>Tokoz Pedestal International, \u00fcr\u00fcnlerini T\u00fcrkiye'deki fabrikas\u0131nda \u00fcretmekte ve t\u00fcm d\u00fcnyaya ihra\u00e7 etmektedir.<\/p><p>Detayl\u0131 bilgi i\u00e7in teklif formunu doldurman\u0131z gerekmektedir.<\/p>\t\t\t\t\t\t\t\t<\/div>\n\t\t\t\t<\/div>\n\t\t\t\t\t<\/div>\n\t\t\t\t<\/div>\n\t\t<div class=\"elementor-element elementor-element-2b77af4 e-flex e-con-boxed e-con e-parent\" data-id=\"2b77af4\" data-element_type=\"container\" data-e-type=\"container\">\n\t\t\t\t\t<div class=\"e-con-inner\">\n\t\t<div class=\"elementor-element elementor-element-97fae5f e-con-full e-flex e-con e-child\" data-id=\"97fae5f\" data-element_type=\"container\" data-e-type=\"container\">\n\t\t\t\t<div class=\"elementor-element elementor-element-c1ed96f elementor-widget elementor-widget-image\" data-id=\"c1ed96f\" data-element_type=\"widget\" data-e-type=\"widget\" data-widget_type=\"image.default\">\n\t\t\t\t<div class=\"elementor-widget-container\">\n\t\t\t\t\t\t\t\t\t\t\t\t\t\t\t<img fetchpriority=\"high\" decoding=\"async\" width=\"807\" height=\"518\" src=\"https:\/\/tokozint.com\/wp-content\/uploads\/2025\/05\/ahsap-deck-yukseltme-sistemleri.jpg\" class=\"attachment-large size-large wp-image-7085\" alt=\"\" srcset=\"https:\/\/tokozint.com\/wp-content\/uploads\/2025\/05\/ahsap-deck-yukseltme-sistemleri.jpg 807w, https:\/\/tokozint.com\/wp-content\/uploads\/2025\/05\/ahsap-deck-yukseltme-sistemleri-300x193.jpg 300w, https:\/\/tokozint.com\/wp-content\/uploads\/2025\/05\/ahsap-deck-yukseltme-sistemleri-768x493.jpg 768w, https:\/\/tokozint.com\/wp-content\/uploads\/2025\/05\/ahsap-deck-yukseltme-sistemleri-18x12.jpg 18w, https:\/\/tokozint.com\/wp-content\/uploads\/2025\/05\/ahsap-deck-yukseltme-sistemleri-360x231.jpg 360w, https:\/\/tokozint.com\/wp-content\/uploads\/2025\/05\/ahsap-deck-yukseltme-sistemleri-373x239.jpg 373w, https:\/\/tokozint.com\/wp-content\/uploads\/2025\/05\/ahsap-deck-yukseltme-sistemleri-620x398.jpg 620w, https:\/\/tokozint.com\/wp-content\/uploads\/2025\/05\/ahsap-deck-yukseltme-sistemleri-460x295.jpg 460w, https:\/\/tokozint.com\/wp-content\/uploads\/2025\/05\/ahsap-deck-yukseltme-sistemleri-365x234.jpg 365w\" sizes=\"(max-width: 807px) 100vw, 807px\" \/>\t\t\t\t\t\t\t\t\t\t\t\t\t\t\t<\/div>\n\t\t\t\t<\/div>\n\t\t\t\t<\/div>\n\t\t<div class=\"elementor-element elementor-element-d11ab40 e-con-full e-flex e-con e-child\" data-id=\"d11ab40\" data-element_type=\"container\" data-e-type=\"container\">\n\t\t\t\t<div class=\"elementor-element elementor-element-170394c elementor-widget elementor-widget-text-editor\" data-id=\"170394c\" data-element_type=\"widget\" data-e-type=\"widget\" data-widget_type=\"text-editor.default\">\n\t\t\t\t<div class=\"elementor-widget-container\">\n\t\t\t\t\t\t\t\t\t<p>\u00a0<\/p><p>\u00a0<\/p><p><a href=\"https:\/\/tokozint.com\/tr\/raised-floor-pedestal\/\">Ah\u015fap deck y\u00fckseltme<\/a> sistemleri ve uygulayaca\u011f\u0131m\u0131z s\u00fcre\u00e7ler \u015firketimiz taraf\u0131ndan garantili \u00fcr\u00fcnlerdir.<\/p><p><a href=\"https:\/\/tokozint.com\/tr\/pastic-and-building-materials-international\/\">Kurulumu basit<\/a> ve uygulayaca\u011f\u0131m\u0131z i\u015flemler firmam\u0131z taraf\u0131ndan garantili \u00fcr\u00fcnlerdir.ve ayarlanabilir \u201ccm\u201d \u00f6l\u00e7\u00fclerine sahiptir. Seviye fark\u0131n\u0131 diledi\u011finiz gibi ayarlayabilir ve d\u00fczenleyebilirsiniz.<\/p>\t\t\t\t\t\t\t\t<\/div>\n\t\t\t\t<\/div>\n\t\t\t\t<\/div>\n\t\t\t\t\t<\/div>\n\t\t\t\t<\/div>\n\t\t<div class=\"elementor-element elementor-element-1de2970 e-flex e-con-boxed e-con e-parent\" data-id=\"1de2970\" data-element_type=\"container\" data-e-type=\"container\">\n\t\t\t\t\t<div class=\"e-con-inner\">\n\t\t<div class=\"elementor-element elementor-element-a1000f1 e-con-full e-flex e-con e-child\" data-id=\"a1000f1\" data-element_type=\"container\" data-e-type=\"container\">\n\t\t\t\t<div class=\"elementor-element elementor-element-fd63354 elementor-widget elementor-widget-text-editor\" data-id=\"fd63354\" data-element_type=\"widget\" data-e-type=\"widget\" data-widget_type=\"text-editor.default\">\n\t\t\t\t<div class=\"elementor-widget-container\">\n\t\t\t\t\t\t\t\t\t<p>\u00a0<\/p><p>\u00a0<\/p><p>Ah\u015fap ayarlanabilir <a href=\"https:\/\/tokozint.com\/tr\/catalog\/\">ayaklar\u0131 burada<\/a> a\u00e7\u0131k\u00e7a g\u00f6rebilirsiniz.<\/p><p>Kurulum ve di\u011fer avantajlar\u0131 katalog dok\u00fcmanlar\u0131m\u0131zdan takip edebilirsiniz<\/p><p>Bu i\u015fi biz yap\u0131yoruz <a href=\"https:\/\/tokozint.com\/tr\/projects\/\">profesyonel<\/a> ve i\u015fimizi seviyoruz.<\/p>\t\t\t\t\t\t\t\t<\/div>\n\t\t\t\t<\/div>\n\t\t\t\t<\/div>\n\t\t<div class=\"elementor-element elementor-element-a92dcde e-con-full e-flex e-con e-child\" data-id=\"a92dcde\" data-element_type=\"container\" data-e-type=\"container\">\n\t\t\t\t<div class=\"elementor-element elementor-element-b58fd38 elementor-widget elementor-widget-image\" data-id=\"b58fd38\" data-element_type=\"widget\" data-e-type=\"widget\" data-widget_type=\"image.default\">\n\t\t\t\t<div class=\"elementor-widget-container\">\n\t\t\t\t\t\t\t\t\t\t\t\t\t\t\t<img decoding=\"async\" width=\"1024\" height=\"583\" src=\"https:\/\/tokozint.com\/wp-content\/uploads\/2019\/10\/taban-yastigi8-1_2_11.webp\" class=\"attachment-large size-large wp-image-6542\" alt=\"\" srcset=\"https:\/\/tokozint.com\/wp-content\/uploads\/2019\/10\/taban-yastigi8-1_2_11.webp 1024w, https:\/\/tokozint.com\/wp-content\/uploads\/2019\/10\/taban-yastigi8-1_2_11-300x171.webp 300w, https:\/\/tokozint.com\/wp-content\/uploads\/2019\/10\/taban-yastigi8-1_2_11-768x437.webp 768w, https:\/\/tokozint.com\/wp-content\/uploads\/2019\/10\/taban-yastigi8-1_2_11-80x46.webp 80w, https:\/\/tokozint.com\/wp-content\/uploads\/2019\/10\/taban-yastigi8-1_2_11-360x205.webp 360w, https:\/\/tokozint.com\/wp-content\/uploads\/2019\/10\/taban-yastigi8-1_2_11-373x212.webp 373w, https:\/\/tokozint.com\/wp-content\/uploads\/2019\/10\/taban-yastigi8-1_2_11-620x353.webp 620w, https:\/\/tokozint.com\/wp-content\/uploads\/2019\/10\/taban-yastigi8-1_2_11-460x262.webp 460w, https:\/\/tokozint.com\/wp-content\/uploads\/2019\/10\/taban-yastigi8-1_2_11-365x208.webp 365w\" sizes=\"(max-width: 1024px) 100vw, 1024px\" \/>\t\t\t\t\t\t\t\t\t\t\t\t\t\t\t<\/div>\n\t\t\t\t<\/div>\n\t\t\t\t<\/div>\n\t\t\t\t\t<\/div>\n\t\t\t\t<\/div>\n\t\t\t\t<\/div>","protected":false},"excerpt":{"rendered":"<p class=\"tx-excerpt\">Wood Deck Elevation Systems Wood deck elevation system | With wood deck elevation systems, you can make your living spaces such as villas, cottages or...<\/p>","protected":false},"author":1,"featured_media":7085,"parent":0,"menu_order":0,"comment_status":"closed","ping_status":"closed","template":"","meta":{"footnotes":""},"class_list":["post-7084","page","type-page","status-publish","has-post-thumbnail","hentry"],"yoast_head":"<!-- This site is optimized with the Yoast SEO Premium plugin v21.7 (Yoast SEO v27.3) - https:\/\/yoast.com\/product\/yoast-seo-premium-wordpress\/ -->\n<title>Wood Deck Elevation Systems - Adjustable Plastic Flooring Pedestals and Outdoor floating floor pedestal<\/title>\n<meta name=\"description\" content=\"With wood deck elevation systems, you can make your living spaces such as villas and workplaces comfortable and floor systems long-lasting.\" \/>\n<meta name=\"robots\" content=\"index, follow, max-snippet:-1, max-image-preview:large, max-video-preview:-1\" \/>\n<link rel=\"canonical\" href=\"https:\/\/tokozint.com\/tr\/wood-deck-elevation-systems\/\" \/>\n<meta property=\"og:locale\" content=\"tr_TR\" \/>\n<meta property=\"og:type\" content=\"article\" \/>\n<meta property=\"og:title\" content=\"Wood Deck Elevation Systems\" \/>\n<meta property=\"og:description\" content=\"We produce raised floor pedestals and outdoor floating floor pedestal. Composite deck prices and pedestal foot products on our site.\" \/>\n<meta property=\"og:url\" content=\"https:\/\/tokozint.com\/tr\/wood-deck-elevation-systems\/\" \/>\n<meta property=\"og:site_name\" content=\"Adjustable Plastic Flooring Pedestals and Outdoor floating floor pedestal\" \/>\n<meta property=\"article:publisher\" content=\"https:\/\/www.facebook.com\/tokozint\" \/>\n<meta property=\"article:modified_time\" content=\"2025-05-11T15:54:57+00:00\" \/>\n<meta property=\"og:image\" content=\"https:\/\/tokozint.com\/wp-content\/uploads\/2025\/05\/ahsap-deck-yukseltme-sistemleri.jpg\" \/>\n\t<meta property=\"og:image:width\" content=\"807\" \/>\n\t<meta property=\"og:image:height\" content=\"518\" \/>\n\t<meta property=\"og:image:type\" content=\"image\/jpeg\" \/>\n<meta name=\"twitter:card\" content=\"summary_large_image\" \/>\n<meta name=\"twitter:label1\" content=\"Tahmini okuma s\u00fcresi\" \/>\n\t<meta name=\"twitter:data1\" content=\"2 dakika\" \/>\n<script type=\"application\/ld+json\" class=\"yoast-schema-graph\">{\"@context\":\"https:\\\/\\\/schema.org\",\"@graph\":[{\"@type\":\"WebPage\",\"@id\":\"https:\\\/\\\/tokozint.com\\\/wood-deck-elevation-systems\\\/\",\"url\":\"https:\\\/\\\/tokozint.com\\\/wood-deck-elevation-systems\\\/\",\"name\":\"Wood Deck Elevation Systems - Adjustable Plastic Flooring Pedestals and Outdoor floating floor pedestal\",\"isPartOf\":{\"@id\":\"https:\\\/\\\/tokozint.com\\\/#website\"},\"primaryImageOfPage\":{\"@id\":\"https:\\\/\\\/tokozint.com\\\/wood-deck-elevation-systems\\\/#primaryimage\"},\"image\":{\"@id\":\"https:\\\/\\\/tokozint.com\\\/wood-deck-elevation-systems\\\/#primaryimage\"},\"thumbnailUrl\":\"https:\\\/\\\/tokozint.com\\\/wp-content\\\/uploads\\\/2025\\\/05\\\/ahsap-deck-yukseltme-sistemleri.jpg\",\"datePublished\":\"2025-05-11T14:17:01+00:00\",\"dateModified\":\"2025-05-11T15:54:57+00:00\",\"description\":\"With wood deck elevation systems, you can make your living spaces such as villas and workplaces comfortable and floor systems long-lasting.\",\"breadcrumb\":{\"@id\":\"https:\\\/\\\/tokozint.com\\\/wood-deck-elevation-systems\\\/#breadcrumb\"},\"inLanguage\":\"tr\",\"potentialAction\":[{\"@type\":\"ReadAction\",\"target\":[\"https:\\\/\\\/tokozint.com\\\/wood-deck-elevation-systems\\\/\"]}]},{\"@type\":\"ImageObject\",\"inLanguage\":\"tr\",\"@id\":\"https:\\\/\\\/tokozint.com\\\/wood-deck-elevation-systems\\\/#primaryimage\",\"url\":\"https:\\\/\\\/tokozint.com\\\/wp-content\\\/uploads\\\/2025\\\/05\\\/ahsap-deck-yukseltme-sistemleri.jpg\",\"contentUrl\":\"https:\\\/\\\/tokozint.com\\\/wp-content\\\/uploads\\\/2025\\\/05\\\/ahsap-deck-yukseltme-sistemleri.jpg\",\"width\":807,\"height\":518},{\"@type\":\"BreadcrumbList\",\"@id\":\"https:\\\/\\\/tokozint.com\\\/wood-deck-elevation-systems\\\/#breadcrumb\",\"itemListElement\":[{\"@type\":\"ListItem\",\"position\":1,\"name\":\"Home\",\"item\":\"https:\\\/\\\/tokozint.com\\\/\"},{\"@type\":\"ListItem\",\"position\":2,\"name\":\"Wood Deck Elevation Systems\"}]},{\"@type\":\"WebSite\",\"@id\":\"https:\\\/\\\/tokozint.com\\\/#website\",\"url\":\"https:\\\/\\\/tokozint.com\\\/\",\"name\":\"Adjustable Plastic Flooring Pedestals and Outdoor floating floor pedestal\",\"description\":\"We produce raised floor pedestals and outdoor floating floor pedestal. Composite deck prices and pedestal foot products on our site.\",\"publisher\":{\"@id\":\"https:\\\/\\\/tokozint.com\\\/#organization\"},\"potentialAction\":[{\"@type\":\"SearchAction\",\"target\":{\"@type\":\"EntryPoint\",\"urlTemplate\":\"https:\\\/\\\/tokozint.com\\\/?s={search_term_string}\"},\"query-input\":{\"@type\":\"PropertyValueSpecification\",\"valueRequired\":true,\"valueName\":\"search_term_string\"}}],\"inLanguage\":\"tr\"},{\"@type\":\"Organization\",\"@id\":\"https:\\\/\\\/tokozint.com\\\/#organization\",\"name\":\"Tokoz International Adjustable Plastic Flooring Pedestals\",\"alternateName\":\"We produce raised floor pedestals and outdoor floating floor pedestal. Composite deck prices and pedestal foot products on our site.\",\"url\":\"https:\\\/\\\/tokozint.com\\\/\",\"logo\":{\"@type\":\"ImageObject\",\"inLanguage\":\"tr\",\"@id\":\"https:\\\/\\\/tokozint.com\\\/#\\\/schema\\\/logo\\\/image\\\/\",\"url\":\"https:\\\/\\\/tokozint.com\\\/wp-content\\\/uploads\\\/2023\\\/11\\\/Perium-logo.png\",\"contentUrl\":\"https:\\\/\\\/tokozint.com\\\/wp-content\\\/uploads\\\/2023\\\/11\\\/Perium-logo.png\",\"width\":516,\"height\":516,\"caption\":\"Tokoz International Adjustable Plastic Flooring Pedestals\"},\"image\":{\"@id\":\"https:\\\/\\\/tokozint.com\\\/#\\\/schema\\\/logo\\\/image\\\/\"},\"sameAs\":[\"https:\\\/\\\/www.facebook.com\\\/tokozint\",\"https:\\\/\\\/www.instagram.com\\\/tokozint\\\/\"]}]}<\/script>\n<!-- \/ Yoast SEO Premium plugin. -->","yoast_head_json":{"title":"Ah\u015fap Deck Y\u00fckseltme Sistemleri - Ah\u015fap Deck Y\u00fckseltme Ayaklar\u0131","description":"Ah\u015fap deck y\u00fckseltme sistemleri ile t\u00fcm ya\u015fam alanlar\u0131n\u0131z\u0131 konforlu hale getirebilirsiniz. Bu ak\u0131ll\u0131 ayaklar sayesinde zeminleriniz garantide!","robots":{"index":"index","follow":"follow","max-snippet":"max-snippet:-1","max-image-preview":"max-image-preview:large","max-video-preview":"max-video-preview:-1"},"canonical":"https:\/\/tokozint.com\/tr\/wood-deck-elevation-systems\/","og_locale":"tr_TR","og_type":"article","og_title":"Wood Deck Elevation Systems","og_description":"We produce raised floor pedestals and outdoor floating floor pedestal. Composite deck prices and pedestal foot products on our site.","og_url":"https:\/\/tokozint.com\/tr\/wood-deck-elevation-systems\/","og_site_name":"Adjustable Plastic Flooring Pedestals and Outdoor floating floor pedestal","article_publisher":"https:\/\/www.facebook.com\/tokozint","article_modified_time":"2025-05-11T15:54:57+00:00","og_image":[{"width":807,"height":518,"url":"https:\/\/tokozint.com\/wp-content\/uploads\/2025\/05\/ahsap-deck-yukseltme-sistemleri.jpg","type":"image\/jpeg"}],"twitter_card":"summary_large_image","twitter_misc":{"Tahmini okuma s\u00fcresi":"2 dakika"},"schema":{"@context":"https:\/\/schema.org","@graph":[{"@type":"WebPage","@id":"https:\/\/tokozint.com\/wood-deck-elevation-systems\/","url":"https:\/\/tokozint.com\/wood-deck-elevation-systems\/","name":"Ah\u015fap Deck Y\u00fckseltme Sistemleri - Ah\u015fap Deck Y\u00fckseltme Ayaklar\u0131","isPartOf":{"@id":"https:\/\/tokozint.com\/#website"},"primaryImageOfPage":{"@id":"https:\/\/tokozint.com\/wood-deck-elevation-systems\/#primaryimage"},"image":{"@id":"https:\/\/tokozint.com\/wood-deck-elevation-systems\/#primaryimage"},"thumbnailUrl":"https:\/\/tokozint.com\/wp-content\/uploads\/2025\/05\/ahsap-deck-yukseltme-sistemleri.jpg","datePublished":"2025-05-11T14:17:01+00:00","dateModified":"2025-05-11T15:54:57+00:00","description":"Ah\u015fap deck y\u00fckseltme sistemleri ile t\u00fcm ya\u015fam alanlar\u0131n\u0131z\u0131 konforlu hale getirebilirsiniz. Bu ak\u0131ll\u0131 ayaklar sayesinde zeminleriniz garantide!","breadcrumb":{"@id":"https:\/\/tokozint.com\/wood-deck-elevation-systems\/#breadcrumb"},"inLanguage":"tr","potentialAction":[{"@type":"ReadAction","target":["https:\/\/tokozint.com\/wood-deck-elevation-systems\/"]}]},{"@type":"ImageObject","inLanguage":"tr","@id":"https:\/\/tokozint.com\/wood-deck-elevation-systems\/#primaryimage","url":"https:\/\/tokozint.com\/wp-content\/uploads\/2025\/05\/ahsap-deck-yukseltme-sistemleri.jpg","contentUrl":"https:\/\/tokozint.com\/wp-content\/uploads\/2025\/05\/ahsap-deck-yukseltme-sistemleri.jpg","width":807,"height":518},{"@type":"BreadcrumbList","@id":"https:\/\/tokozint.com\/wood-deck-elevation-systems\/#breadcrumb","itemListElement":[{"@type":"ListItem","position":1,"name":"Home","item":"https:\/\/tokozint.com\/"},{"@type":"ListItem","position":2,"name":"Wood Deck Elevation Systems"}]},{"@type":"WebSite","@id":"https:\/\/tokozint.com\/#website","url":"https:\/\/tokozint.com\/","name":"Pedestal ayak, Y\u00fckseltilmi\u015f d\u00f6\u015feme ayaklar\u0131, Y\u00fczer d\u00f6\u015feme ayaklar\u0131, Y\u00fckseltilmi\u015f d\u00f6\u015feme sistemleri ve D\u0131\u015f mekan y\u00fckseltilmi\u015f d\u00f6\u015feme ayaklar\u0131","description":"Tokoz International m\u00fc\u015fterilerine, Pedestal ayak, Y\u00fckseltilmi\u015f d\u00f6\u015feme ayaklar\u0131 ve Y\u00fczer d\u00f6\u015feme ayaklar\u0131 ve Y\u00fckseltilmi\u015f d\u00f6\u015feme sistemleri, D\u0131\u015f mekan y\u00fckseltilmi\u015f d\u00f6\u015feme ayaklar\u0131 kategorisinde \u00fcretici hizmeti sunar. Pedestal T\u00fcrkiye pazar\u0131nda \u00f6nc\u00fc firmadir.","publisher":{"@id":"https:\/\/tokozint.com\/#organization"},"potentialAction":[{"@type":"SearchAction","target":{"@type":"EntryPoint","urlTemplate":"https:\/\/tokozint.com\/?s={search_term_string}"},"query-input":{"@type":"PropertyValueSpecification","valueRequired":true,"valueName":"search_term_string"}}],"inLanguage":"tr"},{"@type":"Organization","@id":"https:\/\/tokozint.com\/#organization","name":"Tokoz International Adjustable Plastic Flooring Pedestals","alternateName":"We produce raised floor pedestals and outdoor floating floor pedestal. Composite deck prices and pedestal foot products on our site.","url":"https:\/\/tokozint.com\/","logo":{"@type":"ImageObject","inLanguage":"tr","@id":"https:\/\/tokozint.com\/#\/schema\/logo\/image\/","url":"https:\/\/tokozint.com\/wp-content\/uploads\/2023\/11\/Perium-logo.png","contentUrl":"https:\/\/tokozint.com\/wp-content\/uploads\/2023\/11\/Perium-logo.png","width":516,"height":516,"caption":"Tokoz International Adjustable Plastic Flooring Pedestals"},"image":{"@id":"https:\/\/tokozint.com\/#\/schema\/logo\/image\/"},"sameAs":["https:\/\/www.facebook.com\/tokozint","https:\/\/www.instagram.com\/tokozint\/"]}]}},"meta_box":[],"_links":{"self":[{"href":"https:\/\/tokozint.com\/tr\/wp-json\/wp\/v2\/pages\/7084","targetHints":{"allow":["GET"]}}],"collection":[{"href":"https:\/\/tokozint.com\/tr\/wp-json\/wp\/v2\/pages"}],"about":[{"href":"https:\/\/tokozint.com\/tr\/wp-json\/wp\/v2\/types\/page"}],"author":[{"embeddable":true,"href":"https:\/\/tokozint.com\/tr\/wp-json\/wp\/v2\/users\/1"}],"replies":[{"embeddable":true,"href":"https:\/\/tokozint.com\/tr\/wp-json\/wp\/v2\/comments?post=7084"}],"version-history":[{"count":9,"href":"https:\/\/tokozint.com\/tr\/wp-json\/wp\/v2\/pages\/7084\/revisions"}],"predecessor-version":[{"id":7095,"href":"https:\/\/tokozint.com\/tr\/wp-json\/wp\/v2\/pages\/7084\/revisions\/7095"}],"wp:featuredmedia":[{"embeddable":true,"href":"https:\/\/tokozint.com\/tr\/wp-json\/wp\/v2\/media\/7085"}],"wp:attachment":[{"href":"https:\/\/tokozint.com\/tr\/wp-json\/wp\/v2\/media?parent=7084"}],"curies":[{"name":"wp","href":"https:\/\/api.w.org\/{rel}","templated":true}]}}