{"id":7072,"date":"2025-05-10T01:57:21","date_gmt":"2025-05-09T22:57:21","guid":{"rendered":"https:\/\/tokozint.com\/?page_id=7072"},"modified":"2025-05-10T02:25:47","modified_gmt":"2025-05-09T23:25:47","slug":"dis-mekan-yukseltilmis-doseme-ayaklari","status":"publish","type":"page","link":"https:\/\/tokozint.com\/tr\/dis-mekan-yukseltilmis-doseme-ayaklari\/","title":{"rendered":"D\u0131\u015f Mekan Y\u00fckseltilmi\u015f D\u00f6\u015feme Ayaklar\u0131"},"content":{"rendered":"<div data-elementor-type=\"wp-page\" data-elementor-id=\"7072\" class=\"elementor elementor-7072\" data-elementor-post-type=\"page\">\n\t\t\t\t<div class=\"elementor-element elementor-element-b37a270 e-flex e-con-boxed e-con e-parent\" data-id=\"b37a270\" data-element_type=\"container\" data-e-type=\"container\">\n\t\t\t\t\t<div class=\"e-con-inner\">\n\t\t\t\t<div class=\"elementor-element elementor-element-c8a1646 elementor-widget elementor-widget-text-editor\" data-id=\"c8a1646\" data-element_type=\"widget\" data-e-type=\"widget\" data-widget_type=\"text-editor.default\">\n\t\t\t\t<div class=\"elementor-widget-container\">\n\t\t\t\t\t\t\t\t\t<h4 class=\"\" data-start=\"249\" data-end=\"347\"><strong data-start=\"254\" data-end=\"347\">D\u0131\u015f Mekan Y\u00fckseltilmi\u015f D\u00f6\u015feme Ayaklar\u0131 ile Modern ve Dayan\u0131kl\u0131 Zemin \u00c7\u00f6z\u00fcmleri\u00a0<\/strong><\/h4><p class=\"\" data-start=\"349\" data-end=\"743\"><strong data-start=\"349\" data-end=\"386\">D\u0131\u015f mekan y\u00fckseltilmi\u015f d\u00f6\u015feme ayaklar\u0131<\/strong> teras, bah\u00e7e, balkon, havuz kenar\u0131 gibi alanlarda estetik ve i\u015flevsel zemin \u00e7\u00f6z\u00fcmleri sunar.<\/p><p class=\"\" data-start=\"349\" data-end=\"743\">Tokozint.com olarak, projelerinizin uzun \u00f6m\u00fcrl\u00fc ve profesyonel sonu\u00e7lar vermesi i\u00e7in y\u00fcksek kaliteli d\u00f6\u015feme ayaklar\u0131 \u00fcretimi ve sat\u0131\u015f\u0131 yapmaktay\u0131z.<\/p><p class=\"\" data-start=\"349\" data-end=\"743\">\u00dcr\u00fcnlerimiz, hem bireysel kullan\u0131c\u0131lar\u0131n hem de b\u00fcy\u00fck \u00f6l\u00e7ekli in\u015faat firmalar\u0131n\u0131n ihtiya\u00e7lar\u0131na yan\u0131t verir.<\/p><p class=\"\" data-start=\"745\" data-end=\"1071\">Y\u00fckseltilmi\u015f d\u00f6\u015feme sistemleri, zemin ile d\u00f6\u015feme aras\u0131nda bo\u015fluk b\u0131rakarak su tahliyesini kolayla\u015ft\u0131r\u0131r, altyap\u0131 tesisatlar\u0131n\u0131n gizlenmesine olanak tan\u0131r ve bak\u0131m kolayl\u0131\u011f\u0131 sa\u011flar.<\/p><p class=\"\" data-start=\"745\" data-end=\"1071\">Tokozint pedestals are made from <strong data-start=\"953\" data-end=\"996\">durable, UV-resistant plastic materials<\/strong> d\u0131\u015f mekan ko\u015fullar\u0131na kar\u015f\u0131 uzun y\u0131llar dayan\u0131kl\u0131l\u0131\u011f\u0131n\u0131 korur.<\/p><p class=\"\" data-start=\"1073\" data-end=\"1368\">Tokozint d\u00f6\u015feme ayaklar\u0131, farkl\u0131 y\u00fckseklik se\u00e7enekleri ile her zemine uyum sa\u011flar.<\/p><p class=\"\" data-start=\"1073\" data-end=\"1368\">Mod\u00fcler yap\u0131s\u0131 sayesinde montaj\u0131 son derece kolayd\u0131r; zamandan ve i\u015f g\u00fcc\u00fcnden tasarruf sa\u011flar.<\/p><p class=\"\" data-start=\"1073\" data-end=\"1368\">Ayr\u0131ca e\u011fimli zeminler i\u00e7in... <strong data-start=\"1311\" data-end=\"1331\">e\u011fim dengeleyici<\/strong> M\u00fckemmel bir d\u00fcz y\u00fczey elde edilir.<\/p><p class=\"\" data-start=\"1370\" data-end=\"1419\"><strong data-start=\"1370\" data-end=\"1419\">Tokozint D\u0131\u015f Mekan Kaidelerinin Temel Avantajlar\u0131:<\/strong><\/p><ul data-start=\"1421\" data-end=\"1594\"><li class=\"\" data-start=\"1421\" data-end=\"1451\"><p class=\"\" data-start=\"1423\" data-end=\"1451\">H\u0131zl\u0131 ve kolay kurulum<\/p><\/li><li class=\"\" data-start=\"1452\" data-end=\"1493\"><p class=\"\" data-start=\"1454\" data-end=\"1493\">Geli\u015ftirilmi\u015f drenaj ve hava sirk\u00fclasyonu<\/p><\/li><li class=\"\" data-start=\"1494\" data-end=\"1529\"><p class=\"\" data-start=\"1496\" data-end=\"1529\">Is\u0131 ve nem yal\u0131t\u0131m\u0131<\/p><\/li><li class=\"\" data-start=\"1530\" data-end=\"1568\"><p class=\"\" data-start=\"1532\" data-end=\"1568\">\u00c7evre dostu, geri d\u00f6n\u00fc\u015ft\u00fcr\u00fclebilir malzemeler<\/p><\/li><li class=\"\" data-start=\"1569\" data-end=\"1594\"><p class=\"\" data-start=\"1571\" data-end=\"1594\">Temiz, modern estetik<\/p><\/li><\/ul><p class=\"\" data-start=\"1596\" data-end=\"1925\">Tokozint olarak misyonumuz, hem i\u015flevsel hem de g\u00f6rsel olarak \u00e7ekici mimari \u00e7\u00f6z\u00fcmler sunmakt\u0131r.<\/p><p class=\"\" data-start=\"1596\" data-end=\"1925\">Gururla T\u00fcrkiye'de \u00fcretilen \u00fcr\u00fcnlerimiz rekabet\u00e7i fiyatlara ve kalite g\u00fcvencesine sahiptir.<\/p><p class=\"\" data-start=\"1596\" data-end=\"1925\">T\u00fcm \u00fcr\u00fcn yelpazemize g\u00f6z atmak ve projeniz i\u00e7in ideal kaideyi bulmak i\u00e7in \u015fu adresi ziyaret edin <strong data-start=\"1874\" data-end=\"1918\"><a class=\"\" href=\"https:\/\/tokozint.com\/tr\/\" target=\"_new\" rel=\"noopener\" data-start=\"1876\" data-end=\"1916\">Tokozint.com<\/a><\/strong> today.<\/p>\t\t\t\t\t\t\t\t<\/div>\n\t\t\t\t<\/div>\n\t\t\t\t\t<\/div>\n\t\t\t\t<\/div>\n\t\t<div class=\"elementor-element elementor-element-5212414 e-flex e-con-boxed e-con e-parent\" data-id=\"5212414\" data-element_type=\"container\" data-e-type=\"container\">\n\t\t\t\t\t<div class=\"e-con-inner\">\n\t\t<div class=\"elementor-element elementor-element-c85335a e-con-full e-flex e-con e-child\" data-id=\"c85335a\" data-element_type=\"container\" data-e-type=\"container\">\n\t\t\t\t<div class=\"elementor-element elementor-element-bf93c52 elementor-widget elementor-widget-image\" data-id=\"bf93c52\" data-element_type=\"widget\" data-e-type=\"widget\" data-widget_type=\"image.default\">\n\t\t\t\t<div class=\"elementor-widget-container\">\n\t\t\t\t\t\t\t\t\t\t\t\t\t\t\t<img fetchpriority=\"high\" decoding=\"async\" width=\"930\" height=\"1024\" src=\"https:\/\/tokozint.com\/wp-content\/uploads\/2019\/10\/premium-rail-system1-930x1024.webp\" class=\"attachment-large size-large wp-image-5871\" alt=\"\" srcset=\"https:\/\/tokozint.com\/wp-content\/uploads\/2019\/10\/premium-rail-system1-930x1024.webp 930w, https:\/\/tokozint.com\/wp-content\/uploads\/2019\/10\/premium-rail-system1-273x300.webp 273w, https:\/\/tokozint.com\/wp-content\/uploads\/2019\/10\/premium-rail-system1-768x845.webp 768w, https:\/\/tokozint.com\/wp-content\/uploads\/2019\/10\/premium-rail-system1-73x80.webp 73w, https:\/\/tokozint.com\/wp-content\/uploads\/2019\/10\/premium-rail-system1-360x396.webp 360w, https:\/\/tokozint.com\/wp-content\/uploads\/2019\/10\/premium-rail-system1-373x411.webp 373w, https:\/\/tokozint.com\/wp-content\/uploads\/2019\/10\/premium-rail-system1-620x682.webp 620w, https:\/\/tokozint.com\/wp-content\/uploads\/2019\/10\/premium-rail-system1-460x506.webp 460w, https:\/\/tokozint.com\/wp-content\/uploads\/2019\/10\/premium-rail-system1-365x402.webp 365w, https:\/\/tokozint.com\/wp-content\/uploads\/2019\/10\/premium-rail-system1-300x330.webp 300w, https:\/\/tokozint.com\/wp-content\/uploads\/2019\/10\/premium-rail-system1.webp 1024w\" sizes=\"(max-width: 930px) 100vw, 930px\" \/>\t\t\t\t\t\t\t\t\t\t\t\t\t\t\t<\/div>\n\t\t\t\t<\/div>\n\t\t\t\t<\/div>\n\t\t<div class=\"elementor-element elementor-element-e06b2b8 e-con-full e-flex e-con e-child\" data-id=\"e06b2b8\" data-element_type=\"container\" data-e-type=\"container\">\n\t\t\t\t<div class=\"elementor-element elementor-element-f86e3a7 elementor-widget elementor-widget-text-editor\" data-id=\"f86e3a7\" data-element_type=\"widget\" data-e-type=\"widget\" data-widget_type=\"text-editor.default\">\n\t\t\t\t<div class=\"elementor-widget-container\">\n\t\t\t\t\t\t\t\t\t<h4 data-start=\"1991\" data-end=\"2073\">\u00a0<\/h4><h4 class=\"\" data-start=\"1991\" data-end=\"2073\"><strong data-start=\"1996\" data-end=\"2073\">D\u0131\u015f Mekan Y\u00fckseltilmi\u015f Zemin Ayaklar\u0131 - Estetik ve Fonksiyonel Zemin \u00c7\u00f6z\u00fcm\u00fc<\/strong><\/h4><p class=\"\" data-start=\"2075\" data-end=\"2330\">Y\u00fckseltilmi\u015f zemin <a href=\"https:\/\/tokozint.com\/tr\/product\/pedestal-clever\/\">ayaklar\u0131<\/a> are an ideal solution for outdoor areas where both durability and design are essential.<\/p><p class=\"\" data-start=\"2075\" data-end=\"2330\">balkonlarda, teraslarda, havuz g\u00fcvertelerinde ve di\u011fer alanlarda performanslar\u0131 ve rahatl\u0131klar\u0131yla \u00f6ne \u00e7\u0131kan ayakl\u0131 sistemler sunar. <a href=\"https:\/\/tokozint.com\/tr\/product\/tls-tokoz\/\">garden spaces.<\/a><\/p><p class=\"\" data-start=\"2332\" data-end=\"2626\">Bu sistemler, y\u00fczeyin alt\u0131nda bo\u015f bir alan olu\u015fmas\u0131n\u0131 sa\u011flayarak <strong data-start=\"2399\" data-end=\"2456\">drenaj, kablo y\u00f6netimi ve altyap\u0131 eri\u015fimi<\/strong> basit ve temiz.<\/p><p class=\"\" data-start=\"2332\" data-end=\"2626\">Tokozint ayaklar\u0131 <strong data-start=\"2498\" data-end=\"2522\">y\u00fcksekli\u011fi ayarlanabilir<\/strong> ve yap\u0131lm\u0131\u015f <strong data-start=\"2537\" data-end=\"2577\">UV \u0131\u015f\u0131nlar\u0131na dayan\u0131kl\u0131, hava ko\u015fullar\u0131na dayan\u0131kl\u0131 malzemeler<\/strong>Bu da onlar\u0131 uzun s\u00fcreli d\u0131\u015f mekan kullan\u0131m\u0131 i\u00e7in uygun hale getirir.<\/p><p class=\"\" data-start=\"2628\" data-end=\"2872\">Onlar\u0131n sayesinde <strong data-start=\"2644\" data-end=\"2665\">mod\u00fcler yap\u0131<\/strong>kurulum h\u0131zl\u0131 ve etkilidir, bu da onlar\u0131 hem DIY kullan\u0131c\u0131lar\u0131 hem de profesyonel kurulumcular i\u00e7in m\u00fckemmel bir se\u00e7enek haline getirir.<\/p><p class=\"\" data-start=\"2628\" data-end=\"2872\">Engebeli zeminlerde bile m\u00fckemmel d\u00fczl\u00fckte bir y\u00fczey sa\u011flamak i\u00e7in e\u011fim d\u00fczelticiler de eklenebilir.<\/p><p class=\"\" data-start=\"2874\" data-end=\"3040\">D\u0131\u015f mekan projeniz i\u00e7in modern, \u00e7evre dostu ve uzun \u00f6m\u00fcrl\u00fc bir zemin kaplama \u00e7\u00f6z\u00fcm\u00fc ar\u0131yorsan\u0131z, <strong data-start=\"2981\" data-end=\"3016\"><a href=\"https:\/\/tokozint.com\/tr\/product\/pedestal-clever\/\">Tokozint<\/a> y\u00fckseltilmi\u015f d\u00f6\u015feme ayaklar\u0131<\/strong> m\u00fckemmel bir se\u00e7imdir.<\/p>\t\t\t\t\t\t\t\t<\/div>\n\t\t\t\t<\/div>\n\t\t\t\t<\/div>\n\t\t\t\t\t<\/div>\n\t\t\t\t<\/div>\n\t\t\t\t<\/div>","protected":false},"excerpt":{"rendered":"<p class=\"tx-excerpt\">Outdoor Raised Flooring Pedestals for Modern and Durable Surface Solutions\u00a0 Outdoor raised flooring pedestals offer both aesthetic and functional surface solutions for spaces such as...<\/p>","protected":false},"author":1,"featured_media":6402,"parent":0,"menu_order":0,"comment_status":"closed","ping_status":"closed","template":"","meta":{"footnotes":""},"class_list":["post-7072","page","type-page","status-publish","has-post-thumbnail","hentry"],"yoast_head":"<!-- This site is optimized with the Yoast SEO Premium plugin v21.7 (Yoast SEO v27.4) - https:\/\/yoast.com\/product\/yoast-seo-premium-wordpress\/ -->\n<title>D\u0131\u015f Mekan Y\u00fckseltilmi\u015f D\u00f6\u015feme Ayaklar\u0131 - Adjustable Plastic Flooring Pedestals and Outdoor floating floor pedestal<\/title>\n<meta name=\"description\" content=\"D\u0131\u015f mekan y\u00fckseltilmi\u015f d\u00f6\u015feme ayaklar\u0131 ile hayat ve i\u015f alanlar\u0131n\u0131za konfor ve verimlilik katabilirsiniz. Tokoz International\" \/>\n<meta name=\"robots\" content=\"index, follow, max-snippet:-1, max-image-preview:large, max-video-preview:-1\" \/>\n<link rel=\"canonical\" href=\"https:\/\/tokozint.com\/tr\/dis-mekan-yukseltilmis-doseme-ayaklari\/\" \/>\n<meta property=\"og:locale\" content=\"tr_TR\" \/>\n<meta property=\"og:type\" content=\"article\" \/>\n<meta property=\"og:title\" content=\"D\u0131\u015f Mekan Y\u00fckseltilmi\u015f D\u00f6\u015feme Ayaklar\u0131\" \/>\n<meta property=\"og:description\" content=\"D\u0131\u015f Mekan Y\u00fckseltilmi\u015f D\u00f6\u015feme Ayaklar\u0131 sipari\u015f istekleriniz i\u00e7in, talep formunu doldurman\u0131z yeterlidir. Uzmanlar\u0131m\u0131z sizlerle ileti\u015fime ge\u00e7ecektir.\" \/>\n<meta property=\"og:url\" content=\"https:\/\/tokozint.com\/tr\/dis-mekan-yukseltilmis-doseme-ayaklari\/\" \/>\n<meta property=\"og:site_name\" content=\"Adjustable Plastic Flooring Pedestals and Outdoor floating floor pedestal\" \/>\n<meta property=\"article:publisher\" content=\"https:\/\/www.facebook.com\/tokozint\" \/>\n<meta property=\"article:modified_time\" content=\"2025-05-09T23:25:47+00:00\" \/>\n<meta property=\"og:image\" content=\"https:\/\/tokozint.com\/wp-content\/uploads\/2019\/10\/7_1-1-11.webp\" \/>\n\t<meta property=\"og:image:width\" content=\"1024\" \/>\n\t<meta property=\"og:image:height\" content=\"1132\" \/>\n\t<meta property=\"og:image:type\" content=\"image\/webp\" \/>\n<meta name=\"twitter:card\" content=\"summary_large_image\" \/>\n<meta name=\"twitter:description\" content=\"We produce raised floor pedestals and outdoor floating floor pedestal. Composite deck prices and pedestal foot products on our site.\" \/>\n<meta name=\"twitter:label1\" content=\"Tahmini okuma s\u00fcresi\" \/>\n\t<meta name=\"twitter:data1\" content=\"3 dakika\" \/>\n<script type=\"application\/ld+json\" class=\"yoast-schema-graph\">{\"@context\":\"https:\\\/\\\/schema.org\",\"@graph\":[{\"@type\":\"WebPage\",\"@id\":\"https:\\\/\\\/tokozint.com\\\/dis-mekan-yukseltilmis-doseme-ayaklari\\\/\",\"url\":\"https:\\\/\\\/tokozint.com\\\/dis-mekan-yukseltilmis-doseme-ayaklari\\\/\",\"name\":\"D\u0131\u015f Mekan Y\u00fckseltilmi\u015f D\u00f6\u015feme Ayaklar\u0131 - Adjustable Plastic Flooring Pedestals and Outdoor floating floor pedestal\",\"isPartOf\":{\"@id\":\"https:\\\/\\\/tokozint.com\\\/#website\"},\"primaryImageOfPage\":{\"@id\":\"https:\\\/\\\/tokozint.com\\\/dis-mekan-yukseltilmis-doseme-ayaklari\\\/#primaryimage\"},\"image\":{\"@id\":\"https:\\\/\\\/tokozint.com\\\/dis-mekan-yukseltilmis-doseme-ayaklari\\\/#primaryimage\"},\"thumbnailUrl\":\"https:\\\/\\\/tokozint.com\\\/wp-content\\\/uploads\\\/2019\\\/10\\\/7_1-1-11.webp\",\"datePublished\":\"2025-05-09T22:57:21+00:00\",\"dateModified\":\"2025-05-09T23:25:47+00:00\",\"description\":\"D\u0131\u015f mekan y\u00fckseltilmi\u015f d\u00f6\u015feme ayaklar\u0131 ile hayat ve i\u015f alanlar\u0131n\u0131za konfor ve verimlilik katabilirsiniz. Tokoz International\",\"breadcrumb\":{\"@id\":\"https:\\\/\\\/tokozint.com\\\/dis-mekan-yukseltilmis-doseme-ayaklari\\\/#breadcrumb\"},\"inLanguage\":\"tr\",\"potentialAction\":[{\"@type\":\"ReadAction\",\"target\":[\"https:\\\/\\\/tokozint.com\\\/dis-mekan-yukseltilmis-doseme-ayaklari\\\/\"]}]},{\"@type\":\"ImageObject\",\"inLanguage\":\"tr\",\"@id\":\"https:\\\/\\\/tokozint.com\\\/dis-mekan-yukseltilmis-doseme-ayaklari\\\/#primaryimage\",\"url\":\"https:\\\/\\\/tokozint.com\\\/wp-content\\\/uploads\\\/2019\\\/10\\\/7_1-1-11.webp\",\"contentUrl\":\"https:\\\/\\\/tokozint.com\\\/wp-content\\\/uploads\\\/2019\\\/10\\\/7_1-1-11.webp\",\"width\":1024,\"height\":1132},{\"@type\":\"BreadcrumbList\",\"@id\":\"https:\\\/\\\/tokozint.com\\\/dis-mekan-yukseltilmis-doseme-ayaklari\\\/#breadcrumb\",\"itemListElement\":[{\"@type\":\"ListItem\",\"position\":1,\"name\":\"Home\",\"item\":\"https:\\\/\\\/tokozint.com\\\/\"},{\"@type\":\"ListItem\",\"position\":2,\"name\":\"D\u0131\u015f Mekan Y\u00fckseltilmi\u015f D\u00f6\u015feme Ayaklar\u0131\"}]},{\"@type\":\"WebSite\",\"@id\":\"https:\\\/\\\/tokozint.com\\\/#website\",\"url\":\"https:\\\/\\\/tokozint.com\\\/\",\"name\":\"Adjustable Plastic Flooring Pedestals and Outdoor floating floor pedestal\",\"description\":\"We produce raised floor pedestals and outdoor floating floor pedestal. Composite deck prices and pedestal foot products on our site.\",\"publisher\":{\"@id\":\"https:\\\/\\\/tokozint.com\\\/#organization\"},\"potentialAction\":[{\"@type\":\"SearchAction\",\"target\":{\"@type\":\"EntryPoint\",\"urlTemplate\":\"https:\\\/\\\/tokozint.com\\\/?s={search_term_string}\"},\"query-input\":{\"@type\":\"PropertyValueSpecification\",\"valueRequired\":true,\"valueName\":\"search_term_string\"}}],\"inLanguage\":\"tr\"},{\"@type\":\"Organization\",\"@id\":\"https:\\\/\\\/tokozint.com\\\/#organization\",\"name\":\"Tokoz International Adjustable Plastic Flooring Pedestals\",\"alternateName\":\"We produce raised floor pedestals and outdoor floating floor pedestal. Composite deck prices and pedestal foot products on our site.\",\"url\":\"https:\\\/\\\/tokozint.com\\\/\",\"logo\":{\"@type\":\"ImageObject\",\"inLanguage\":\"tr\",\"@id\":\"https:\\\/\\\/tokozint.com\\\/#\\\/schema\\\/logo\\\/image\\\/\",\"url\":\"https:\\\/\\\/tokozint.com\\\/wp-content\\\/uploads\\\/2023\\\/11\\\/Perium-logo.png\",\"contentUrl\":\"https:\\\/\\\/tokozint.com\\\/wp-content\\\/uploads\\\/2023\\\/11\\\/Perium-logo.png\",\"width\":516,\"height\":516,\"caption\":\"Tokoz International Adjustable Plastic Flooring Pedestals\"},\"image\":{\"@id\":\"https:\\\/\\\/tokozint.com\\\/#\\\/schema\\\/logo\\\/image\\\/\"},\"sameAs\":[\"https:\\\/\\\/www.facebook.com\\\/tokozint\",\"https:\\\/\\\/www.instagram.com\\\/tokozint\\\/\"]}]}<\/script>\n<!-- \/ Yoast SEO Premium plugin. -->","yoast_head_json":{"title":"D\u0131\u015f mekan y\u00fckseltilmi\u015f d\u00f6\u015feme ayaklar\u0131","description":"D\u0131\u015f mekan y\u00fckseltilmi\u015f d\u00f6\u015feme ayaklar\u0131 Tokoz International kurumsal kalitesi ile g\u00f6zat\u0131n","robots":{"index":"index","follow":"follow","max-snippet":"max-snippet:-1","max-image-preview":"max-image-preview:large","max-video-preview":"max-video-preview:-1"},"canonical":"https:\/\/tokozint.com\/tr\/dis-mekan-yukseltilmis-doseme-ayaklari\/","og_locale":"tr_TR","og_type":"article","og_title":"D\u0131\u015f Mekan Y\u00fckseltilmi\u015f D\u00f6\u015feme Ayaklar\u0131","og_description":"D\u0131\u015f Mekan Y\u00fckseltilmi\u015f D\u00f6\u015feme Ayaklar\u0131 sipari\u015f istekleriniz i\u00e7in, talep formunu doldurman\u0131z yeterlidir. Uzmanlar\u0131m\u0131z sizlerle ileti\u015fime ge\u00e7ecektir.","og_url":"https:\/\/tokozint.com\/tr\/dis-mekan-yukseltilmis-doseme-ayaklari\/","og_site_name":"Adjustable Plastic Flooring Pedestals and Outdoor floating floor pedestal","article_publisher":"https:\/\/www.facebook.com\/tokozint","article_modified_time":"2025-05-09T23:25:47+00:00","og_image":[{"width":1024,"height":1132,"url":"https:\/\/tokozint.com\/wp-content\/uploads\/2019\/10\/7_1-1-11.webp","type":"image\/webp"}],"twitter_card":"summary_large_image","twitter_description":"We produce raised floor pedestals and outdoor floating floor pedestal. Composite deck prices and pedestal foot products on our site.","twitter_misc":{"Tahmini okuma s\u00fcresi":"3 dakika"},"schema":{"@context":"https:\/\/schema.org","@graph":[{"@type":"WebPage","@id":"https:\/\/tokozint.com\/dis-mekan-yukseltilmis-doseme-ayaklari\/","url":"https:\/\/tokozint.com\/dis-mekan-yukseltilmis-doseme-ayaklari\/","name":"D\u0131\u015f mekan y\u00fckseltilmi\u015f d\u00f6\u015feme ayaklar\u0131","isPartOf":{"@id":"https:\/\/tokozint.com\/#website"},"primaryImageOfPage":{"@id":"https:\/\/tokozint.com\/dis-mekan-yukseltilmis-doseme-ayaklari\/#primaryimage"},"image":{"@id":"https:\/\/tokozint.com\/dis-mekan-yukseltilmis-doseme-ayaklari\/#primaryimage"},"thumbnailUrl":"https:\/\/tokozint.com\/wp-content\/uploads\/2019\/10\/7_1-1-11.webp","datePublished":"2025-05-09T22:57:21+00:00","dateModified":"2025-05-09T23:25:47+00:00","description":"D\u0131\u015f mekan y\u00fckseltilmi\u015f d\u00f6\u015feme ayaklar\u0131 Tokoz International kurumsal kalitesi ile g\u00f6zat\u0131n","breadcrumb":{"@id":"https:\/\/tokozint.com\/dis-mekan-yukseltilmis-doseme-ayaklari\/#breadcrumb"},"inLanguage":"tr","potentialAction":[{"@type":"ReadAction","target":["https:\/\/tokozint.com\/dis-mekan-yukseltilmis-doseme-ayaklari\/"]}]},{"@type":"ImageObject","inLanguage":"tr","@id":"https:\/\/tokozint.com\/dis-mekan-yukseltilmis-doseme-ayaklari\/#primaryimage","url":"https:\/\/tokozint.com\/wp-content\/uploads\/2019\/10\/7_1-1-11.webp","contentUrl":"https:\/\/tokozint.com\/wp-content\/uploads\/2019\/10\/7_1-1-11.webp","width":1024,"height":1132},{"@type":"BreadcrumbList","@id":"https:\/\/tokozint.com\/dis-mekan-yukseltilmis-doseme-ayaklari\/#breadcrumb","itemListElement":[{"@type":"ListItem","position":1,"name":"Home","item":"https:\/\/tokozint.com\/"},{"@type":"ListItem","position":2,"name":"D\u0131\u015f Mekan Y\u00fckseltilmi\u015f D\u00f6\u015feme Ayaklar\u0131"}]},{"@type":"WebSite","@id":"https:\/\/tokozint.com\/#website","url":"https:\/\/tokozint.com\/","name":"Pedestal ayak, Y\u00fckseltilmi\u015f d\u00f6\u015feme ayaklar\u0131, Y\u00fczer d\u00f6\u015feme ayaklar\u0131, Y\u00fckseltilmi\u015f d\u00f6\u015feme sistemleri ve D\u0131\u015f mekan y\u00fckseltilmi\u015f d\u00f6\u015feme ayaklar\u0131","description":"Tokoz International m\u00fc\u015fterilerine, Pedestal ayak, Y\u00fckseltilmi\u015f d\u00f6\u015feme ayaklar\u0131 ve Y\u00fczer d\u00f6\u015feme ayaklar\u0131 ve Y\u00fckseltilmi\u015f d\u00f6\u015feme sistemleri, D\u0131\u015f mekan y\u00fckseltilmi\u015f d\u00f6\u015feme ayaklar\u0131 kategorisinde \u00fcretici hizmeti sunar. Pedestal T\u00fcrkiye pazar\u0131nda \u00f6nc\u00fc firmadir.","publisher":{"@id":"https:\/\/tokozint.com\/#organization"},"potentialAction":[{"@type":"SearchAction","target":{"@type":"EntryPoint","urlTemplate":"https:\/\/tokozint.com\/?s={search_term_string}"},"query-input":{"@type":"PropertyValueSpecification","valueRequired":true,"valueName":"search_term_string"}}],"inLanguage":"tr"},{"@type":"Organization","@id":"https:\/\/tokozint.com\/#organization","name":"Tokoz International Adjustable Plastic Flooring Pedestals","alternateName":"We produce raised floor pedestals and outdoor floating floor pedestal. Composite deck prices and pedestal foot products on our site.","url":"https:\/\/tokozint.com\/","logo":{"@type":"ImageObject","inLanguage":"tr","@id":"https:\/\/tokozint.com\/#\/schema\/logo\/image\/","url":"https:\/\/tokozint.com\/wp-content\/uploads\/2023\/11\/Perium-logo.png","contentUrl":"https:\/\/tokozint.com\/wp-content\/uploads\/2023\/11\/Perium-logo.png","width":516,"height":516,"caption":"Tokoz International Adjustable Plastic Flooring Pedestals"},"image":{"@id":"https:\/\/tokozint.com\/#\/schema\/logo\/image\/"},"sameAs":["https:\/\/www.facebook.com\/tokozint","https:\/\/www.instagram.com\/tokozint\/"]}]}},"meta_box":[],"_links":{"self":[{"href":"https:\/\/tokozint.com\/tr\/wp-json\/wp\/v2\/pages\/7072","targetHints":{"allow":["GET"]}}],"collection":[{"href":"https:\/\/tokozint.com\/tr\/wp-json\/wp\/v2\/pages"}],"about":[{"href":"https:\/\/tokozint.com\/tr\/wp-json\/wp\/v2\/types\/page"}],"author":[{"embeddable":true,"href":"https:\/\/tokozint.com\/tr\/wp-json\/wp\/v2\/users\/1"}],"replies":[{"embeddable":true,"href":"https:\/\/tokozint.com\/tr\/wp-json\/wp\/v2\/comments?post=7072"}],"version-history":[{"count":11,"href":"https:\/\/tokozint.com\/tr\/wp-json\/wp\/v2\/pages\/7072\/revisions"}],"predecessor-version":[{"id":7083,"href":"https:\/\/tokozint.com\/tr\/wp-json\/wp\/v2\/pages\/7072\/revisions\/7083"}],"wp:featuredmedia":[{"embeddable":true,"href":"https:\/\/tokozint.com\/tr\/wp-json\/wp\/v2\/media\/6402"}],"wp:attachment":[{"href":"https:\/\/tokozint.com\/tr\/wp-json\/wp\/v2\/media?parent=7072"}],"curies":[{"name":"wp","href":"https:\/\/api.w.org\/{rel}","templated":true}]}}