{"id":7046,"date":"2025-03-28T12:28:58","date_gmt":"2025-03-28T09:28:58","guid":{"rendered":"https:\/\/tokozint.com\/?page_id=7046"},"modified":"2025-03-28T13:53:44","modified_gmt":"2025-03-28T10:53:44","slug":"kvkk","status":"publish","type":"page","link":"https:\/\/tokozint.com\/tr\/kvkk\/","title":{"rendered":"KVKK"},"content":{"rendered":"\t\t<div data-elementor-type=\"wp-page\" data-elementor-id=\"7046\" class=\"elementor elementor-7046\" data-elementor-post-type=\"page\">\n\t\t\t\t<div class=\"elementor-element elementor-element-d8ede54 e-flex e-con-boxed e-con e-parent\" data-id=\"d8ede54\" data-element_type=\"container\" data-e-type=\"container\">\n\t\t\t\t\t<div class=\"e-con-inner\">\n\t\t\t\t<div class=\"elementor-element elementor-element-ee0ebef elementor-widget elementor-widget-text-editor\" data-id=\"ee0ebef\" data-element_type=\"widget\" data-e-type=\"widget\" data-widget_type=\"text-editor.default\">\n\t\t\t\t<div class=\"elementor-widget-container\">\n\t\t\t\t\t\t\t\t\t<p data-pm-slice=\"1 1 []\"><strong>Privacy Policy<\/strong><\/p><p>At Tokoz Pedestal International, we are committed to protecting the privacy of our website visitors. This privacy policy explains how your personal data is collected, used, and protected.<\/p><p><strong>1. Data Collected<\/strong><br \/>When you visit our website, we may collect the following data:<\/p><ul data-spread=\"false\"><li><p>Contact details such as name, email address, and phone number<\/p><\/li><li><p>Technical data such as IP address, browser information, and cookies<\/p><\/li><li><p>Transactions and feedback related to our services<\/p><\/li><\/ul><p><strong>2. Use of Data<\/strong><br \/>The collected data is used for the following purposes:<\/p><ul data-spread=\"false\"><li><p>Improving and personalizing our services<\/p><\/li><li><p>Providing customer support<\/p><\/li><li><p>Complying with legal obligations<\/p><\/li><\/ul><p><strong>3. Data Sharing<\/strong><br \/>Your personal data may only be shared with third parties under the following circumstances:<\/p><ul data-spread=\"false\"><li><p>When required by law and regulatory authorities<\/p><\/li><li><p>With service providers (e.g., hosting services or payment processors)<\/p><\/li><\/ul><p><strong>4. Cookies<\/strong><br \/>Our website uses cookies to enhance user experience. You can manage cookie settings through your browser.<\/p><p><strong>5. Data Protection<\/strong><br \/>We take necessary technical and administrative measures to protect your personal data.<\/p><p><strong>6. User Rights<\/strong><br \/>Users have the right to access, correct, or delete their personal data. To exercise these rights, you may contact us.<\/p><p><strong>7. Contact<\/strong><br \/>For questions regarding our privacy policy, please contact us at [your email address].<\/p>\t\t\t\t\t\t\t\t<\/div>\n\t\t\t\t<\/div>\n\t\t\t\t\t<\/div>\n\t\t\t\t<\/div>\n\t\t\t\t<\/div>\n\t\t","protected":false},"excerpt":{"rendered":"<p class=\"tx-excerpt\">Privacy Policy At Tokoz Pedestal International, we are committed to protecting the privacy of our website visitors. This privacy policy explains how your personal data...<\/p>","protected":false},"author":1,"featured_media":0,"parent":0,"menu_order":0,"comment_status":"closed","ping_status":"closed","template":"","meta":{"footnotes":""},"class_list":["post-7046","page","type-page","status-publish","hentry"],"yoast_head":"<!-- This site is optimized with the Yoast SEO Premium plugin v21.7 (Yoast SEO v27.4) - https:\/\/yoast.com\/product\/yoast-seo-premium-wordpress\/ -->\n<title>KVKK - Adjustable Plastic Flooring Pedestals and Outdoor floating floor pedestal<\/title>\n<meta name=\"description\" content=\"We produce raised floor pedestals and outdoor floating floor pedestal. Composite deck prices and pedestal foot products on our site.\" \/>\n<meta name=\"robots\" content=\"index, follow, max-snippet:-1, max-image-preview:large, max-video-preview:-1\" \/>\n<link rel=\"canonical\" href=\"https:\/\/tokozint.com\/tr\/kvkk\/\" \/>\n<meta property=\"og:locale\" content=\"tr_TR\" \/>\n<meta property=\"og:type\" content=\"article\" \/>\n<meta property=\"og:title\" content=\"KVKK\" \/>\n<meta property=\"og:description\" content=\"We produce raised floor pedestals and outdoor floating floor pedestal. Composite deck prices and pedestal foot products on our site.\" \/>\n<meta property=\"og:url\" content=\"https:\/\/tokozint.com\/tr\/kvkk\/\" \/>\n<meta property=\"og:site_name\" content=\"Adjustable Plastic Flooring Pedestals and Outdoor floating floor pedestal\" \/>\n<meta property=\"article:publisher\" content=\"https:\/\/www.facebook.com\/tokozint\" \/>\n<meta property=\"article:modified_time\" content=\"2025-03-28T10:53:44+00:00\" \/>\n<meta property=\"og:image\" content=\"https:\/\/tokozint.com\/wp-content\/uploads\/2019\/10\/Premium-t-logo.png\" \/>\n\t<meta property=\"og:image:width\" content=\"2079\" \/>\n\t<meta property=\"og:image:height\" content=\"2079\" \/>\n\t<meta property=\"og:image:type\" content=\"image\/png\" \/>\n<meta name=\"twitter:card\" content=\"summary_large_image\" \/>\n<meta name=\"twitter:label1\" content=\"Tahmini okuma s\u00fcresi\" \/>\n\t<meta name=\"twitter:data1\" content=\"1 dakika\" \/>\n<script type=\"application\/ld+json\" class=\"yoast-schema-graph\">{\"@context\":\"https:\\\/\\\/schema.org\",\"@graph\":[{\"@type\":\"WebPage\",\"@id\":\"https:\\\/\\\/tokozint.com\\\/kvkk\\\/\",\"url\":\"https:\\\/\\\/tokozint.com\\\/kvkk\\\/\",\"name\":\"KVKK - Adjustable Plastic Flooring Pedestals and Outdoor floating floor pedestal\",\"isPartOf\":{\"@id\":\"https:\\\/\\\/tokozint.com\\\/#website\"},\"datePublished\":\"2025-03-28T09:28:58+00:00\",\"dateModified\":\"2025-03-28T10:53:44+00:00\",\"description\":\"We produce raised floor pedestals and outdoor floating floor pedestal. Composite deck prices and pedestal foot products on our site.\",\"breadcrumb\":{\"@id\":\"https:\\\/\\\/tokozint.com\\\/kvkk\\\/#breadcrumb\"},\"inLanguage\":\"tr\",\"potentialAction\":[{\"@type\":\"ReadAction\",\"target\":[\"https:\\\/\\\/tokozint.com\\\/kvkk\\\/\"]}]},{\"@type\":\"BreadcrumbList\",\"@id\":\"https:\\\/\\\/tokozint.com\\\/kvkk\\\/#breadcrumb\",\"itemListElement\":[{\"@type\":\"ListItem\",\"position\":1,\"name\":\"Home\",\"item\":\"https:\\\/\\\/tokozint.com\\\/\"},{\"@type\":\"ListItem\",\"position\":2,\"name\":\"KVKK\"}]},{\"@type\":\"WebSite\",\"@id\":\"https:\\\/\\\/tokozint.com\\\/#website\",\"url\":\"https:\\\/\\\/tokozint.com\\\/\",\"name\":\"Adjustable Plastic Flooring Pedestals and Outdoor floating floor pedestal\",\"description\":\"We produce raised floor pedestals and outdoor floating floor pedestal. Composite deck prices and pedestal foot products on our site.\",\"publisher\":{\"@id\":\"https:\\\/\\\/tokozint.com\\\/#organization\"},\"potentialAction\":[{\"@type\":\"SearchAction\",\"target\":{\"@type\":\"EntryPoint\",\"urlTemplate\":\"https:\\\/\\\/tokozint.com\\\/?s={search_term_string}\"},\"query-input\":{\"@type\":\"PropertyValueSpecification\",\"valueRequired\":true,\"valueName\":\"search_term_string\"}}],\"inLanguage\":\"tr\"},{\"@type\":\"Organization\",\"@id\":\"https:\\\/\\\/tokozint.com\\\/#organization\",\"name\":\"Tokoz International Adjustable Plastic Flooring Pedestals\",\"alternateName\":\"We produce raised floor pedestals and outdoor floating floor pedestal. Composite deck prices and pedestal foot products on our site.\",\"url\":\"https:\\\/\\\/tokozint.com\\\/\",\"logo\":{\"@type\":\"ImageObject\",\"inLanguage\":\"tr\",\"@id\":\"https:\\\/\\\/tokozint.com\\\/#\\\/schema\\\/logo\\\/image\\\/\",\"url\":\"https:\\\/\\\/tokozint.com\\\/wp-content\\\/uploads\\\/2023\\\/11\\\/Perium-logo.png\",\"contentUrl\":\"https:\\\/\\\/tokozint.com\\\/wp-content\\\/uploads\\\/2023\\\/11\\\/Perium-logo.png\",\"width\":516,\"height\":516,\"caption\":\"Tokoz International Adjustable Plastic Flooring Pedestals\"},\"image\":{\"@id\":\"https:\\\/\\\/tokozint.com\\\/#\\\/schema\\\/logo\\\/image\\\/\"},\"sameAs\":[\"https:\\\/\\\/www.facebook.com\\\/tokozint\",\"https:\\\/\\\/www.instagram.com\\\/tokozint\\\/\"]}]}<\/script>\n<!-- \/ Yoast SEO Premium plugin. -->","yoast_head_json":{"title":"KVKK - Adjustable Plastic Flooring Pedestals and Outdoor floating floor pedestal","description":"Tokoz International m\u00fc\u015fterilerine, Pedestal ayak, Y\u00fckseltilmi\u015f d\u00f6\u015feme ayaklar\u0131 ve Y\u00fczer d\u00f6\u015feme ayaklar\u0131 ve Y\u00fckseltilmi\u015f d\u00f6\u015feme sistemleri, D\u0131\u015f mekan y\u00fckseltilmi\u015f d\u00f6\u015feme ayaklar\u0131 kategorisinde \u00fcretici hizmeti sunar. Pedestal T\u00fcrkiye pazar\u0131nda \u00f6nc\u00fc firmadir.","robots":{"index":"index","follow":"follow","max-snippet":"max-snippet:-1","max-image-preview":"max-image-preview:large","max-video-preview":"max-video-preview:-1"},"canonical":"https:\/\/tokozint.com\/tr\/kvkk\/","og_locale":"tr_TR","og_type":"article","og_title":"KVKK","og_description":"We produce raised floor pedestals and outdoor floating floor pedestal. Composite deck prices and pedestal foot products on our site.","og_url":"https:\/\/tokozint.com\/tr\/kvkk\/","og_site_name":"Adjustable Plastic Flooring Pedestals and Outdoor floating floor pedestal","article_publisher":"https:\/\/www.facebook.com\/tokozint","article_modified_time":"2025-03-28T10:53:44+00:00","og_image":[{"width":2079,"height":2079,"url":"https:\/\/tokozint.com\/wp-content\/uploads\/2019\/10\/Premium-t-logo.png","type":"image\/png"}],"twitter_card":"summary_large_image","twitter_misc":{"Tahmini okuma s\u00fcresi":"1 dakika"},"schema":{"@context":"https:\/\/schema.org","@graph":[{"@type":"WebPage","@id":"https:\/\/tokozint.com\/kvkk\/","url":"https:\/\/tokozint.com\/kvkk\/","name":"KVKK - Adjustable Plastic Flooring Pedestals and Outdoor floating floor pedestal","isPartOf":{"@id":"https:\/\/tokozint.com\/#website"},"datePublished":"2025-03-28T09:28:58+00:00","dateModified":"2025-03-28T10:53:44+00:00","description":"Tokoz International m\u00fc\u015fterilerine, Pedestal ayak, Y\u00fckseltilmi\u015f d\u00f6\u015feme ayaklar\u0131 ve Y\u00fczer d\u00f6\u015feme ayaklar\u0131 ve Y\u00fckseltilmi\u015f d\u00f6\u015feme sistemleri, D\u0131\u015f mekan y\u00fckseltilmi\u015f d\u00f6\u015feme ayaklar\u0131 kategorisinde \u00fcretici hizmeti sunar. Pedestal T\u00fcrkiye pazar\u0131nda \u00f6nc\u00fc firmadir.","breadcrumb":{"@id":"https:\/\/tokozint.com\/kvkk\/#breadcrumb"},"inLanguage":"tr","potentialAction":[{"@type":"ReadAction","target":["https:\/\/tokozint.com\/kvkk\/"]}]},{"@type":"BreadcrumbList","@id":"https:\/\/tokozint.com\/kvkk\/#breadcrumb","itemListElement":[{"@type":"ListItem","position":1,"name":"Home","item":"https:\/\/tokozint.com\/"},{"@type":"ListItem","position":2,"name":"KVKK"}]},{"@type":"WebSite","@id":"https:\/\/tokozint.com\/#website","url":"https:\/\/tokozint.com\/","name":"Pedestal ayak, Y\u00fckseltilmi\u015f d\u00f6\u015feme ayaklar\u0131, Y\u00fczer d\u00f6\u015feme ayaklar\u0131, Y\u00fckseltilmi\u015f d\u00f6\u015feme sistemleri ve D\u0131\u015f mekan y\u00fckseltilmi\u015f d\u00f6\u015feme ayaklar\u0131","description":"Tokoz International m\u00fc\u015fterilerine, Pedestal ayak, Y\u00fckseltilmi\u015f d\u00f6\u015feme ayaklar\u0131 ve Y\u00fczer d\u00f6\u015feme ayaklar\u0131 ve Y\u00fckseltilmi\u015f d\u00f6\u015feme sistemleri, D\u0131\u015f mekan y\u00fckseltilmi\u015f d\u00f6\u015feme ayaklar\u0131 kategorisinde \u00fcretici hizmeti sunar. Pedestal T\u00fcrkiye pazar\u0131nda \u00f6nc\u00fc firmadir.","publisher":{"@id":"https:\/\/tokozint.com\/#organization"},"potentialAction":[{"@type":"SearchAction","target":{"@type":"EntryPoint","urlTemplate":"https:\/\/tokozint.com\/?s={search_term_string}"},"query-input":{"@type":"PropertyValueSpecification","valueRequired":true,"valueName":"search_term_string"}}],"inLanguage":"tr"},{"@type":"Organization","@id":"https:\/\/tokozint.com\/#organization","name":"Tokoz International Adjustable Plastic Flooring Pedestals","alternateName":"We produce raised floor pedestals and outdoor floating floor pedestal. Composite deck prices and pedestal foot products on our site.","url":"https:\/\/tokozint.com\/","logo":{"@type":"ImageObject","inLanguage":"tr","@id":"https:\/\/tokozint.com\/#\/schema\/logo\/image\/","url":"https:\/\/tokozint.com\/wp-content\/uploads\/2023\/11\/Perium-logo.png","contentUrl":"https:\/\/tokozint.com\/wp-content\/uploads\/2023\/11\/Perium-logo.png","width":516,"height":516,"caption":"Tokoz International Adjustable Plastic Flooring Pedestals"},"image":{"@id":"https:\/\/tokozint.com\/#\/schema\/logo\/image\/"},"sameAs":["https:\/\/www.facebook.com\/tokozint","https:\/\/www.instagram.com\/tokozint\/"]}]}},"meta_box":[],"_links":{"self":[{"href":"https:\/\/tokozint.com\/tr\/wp-json\/wp\/v2\/pages\/7046","targetHints":{"allow":["GET"]}}],"collection":[{"href":"https:\/\/tokozint.com\/tr\/wp-json\/wp\/v2\/pages"}],"about":[{"href":"https:\/\/tokozint.com\/tr\/wp-json\/wp\/v2\/types\/page"}],"author":[{"embeddable":true,"href":"https:\/\/tokozint.com\/tr\/wp-json\/wp\/v2\/users\/1"}],"replies":[{"embeddable":true,"href":"https:\/\/tokozint.com\/tr\/wp-json\/wp\/v2\/comments?post=7046"}],"version-history":[{"count":7,"href":"https:\/\/tokozint.com\/tr\/wp-json\/wp\/v2\/pages\/7046\/revisions"}],"predecessor-version":[{"id":7053,"href":"https:\/\/tokozint.com\/tr\/wp-json\/wp\/v2\/pages\/7046\/revisions\/7053"}],"wp:attachment":[{"href":"https:\/\/tokozint.com\/tr\/wp-json\/wp\/v2\/media?parent=7046"}],"curies":[{"name":"wp","href":"https:\/\/api.w.org\/{rel}","templated":true}]}}