{"id":7072,"date":"2025-05-10T01:57:21","date_gmt":"2025-05-09T22:57:21","guid":{"rendered":"https:\/\/tokozint.com\/?page_id=7072"},"modified":"2025-05-10T02:25:47","modified_gmt":"2025-05-09T23:25:47","slug":"dis-mekan-yukseltilmis-doseme-ayaklari","status":"publish","type":"page","link":"https:\/\/tokozint.com\/es\/dis-mekan-yukseltilmis-doseme-ayaklari\/","title":{"rendered":"D\u0131\u015f Mekan Y\u00fckseltilmi\u015f D\u00f6\u015feme Ayaklar\u0131"},"content":{"rendered":"<div data-elementor-type=\"wp-page\" data-elementor-id=\"7072\" class=\"elementor elementor-7072\" data-elementor-post-type=\"page\">\n\t\t\t\t<div class=\"elementor-element elementor-element-b37a270 e-flex e-con-boxed e-con e-parent\" data-id=\"b37a270\" data-element_type=\"container\" data-e-type=\"container\">\n\t\t\t\t\t<div class=\"e-con-inner\">\n\t\t\t\t<div class=\"elementor-element elementor-element-c8a1646 elementor-widget elementor-widget-text-editor\" data-id=\"c8a1646\" data-element_type=\"widget\" data-e-type=\"widget\" data-widget_type=\"text-editor.default\">\n\t\t\t\t<div class=\"elementor-widget-container\">\n\t\t\t\t\t\t\t\t\t<h4 class=\"\" data-start=\"249\" data-end=\"347\"><strong data-start=\"254\" data-end=\"347\">Outdoor Raised Flooring Pedestals for Modern and Durable Surface Solutions\u00a0<\/strong><\/h4><p class=\"\" data-start=\"349\" data-end=\"743\"><strong data-start=\"349\" data-end=\"386\">Outdoor raised flooring pedestals<\/strong> offer both aesthetic and functional surface solutions for spaces such as terraces, gardens, balconies, and poolside areas.<\/p><p class=\"\" data-start=\"349\" data-end=\"743\">At Tokozint.com, we manufacture and supply high-quality pedestal systems to ensure long-lasting, professional results for your projects.<\/p><p class=\"\" data-start=\"349\" data-end=\"743\">Our products cater to the needs of both individual users and large-scale construction companies.<\/p><p class=\"\" data-start=\"745\" data-end=\"1071\">Raised flooring systems allow a gap between the ground and the surface, enabling efficient water drainage, hiding of infrastructure components, and easier maintenance access.<\/p><p class=\"\" data-start=\"745\" data-end=\"1071\">Tokozint pedestals are made from <strong data-start=\"953\" data-end=\"996\">durable, UV-resistant plastic materials<\/strong> that withstand extreme outdoor conditions and impacts, ensuring longevity.<\/p><p class=\"\" data-start=\"1073\" data-end=\"1368\">Our adjustable pedestals are available in various height options to suit all kinds of surfaces.<\/p><p class=\"\" data-start=\"1073\" data-end=\"1368\">Thanks to their modular design, they are quick and easy to install, saving both time and labor.<\/p><p class=\"\" data-start=\"1073\" data-end=\"1368\">On sloped surfaces, they can be combined with <strong data-start=\"1311\" data-end=\"1331\">slope correctors<\/strong> to achieve a perfectly level finish.<\/p><p class=\"\" data-start=\"1370\" data-end=\"1419\"><strong data-start=\"1370\" data-end=\"1419\">Key Advantages of Tokozint Outdoor Pedestals:<\/strong><\/p><ul data-start=\"1421\" data-end=\"1594\"><li class=\"\" data-start=\"1421\" data-end=\"1451\"><p class=\"\" data-start=\"1423\" data-end=\"1451\">Fast and easy installation<\/p><\/li><li class=\"\" data-start=\"1452\" data-end=\"1493\"><p class=\"\" data-start=\"1454\" data-end=\"1493\">Improved drainage and air circulation<\/p><\/li><li class=\"\" data-start=\"1494\" data-end=\"1529\"><p class=\"\" data-start=\"1496\" data-end=\"1529\">Thermal and moisture insulation<\/p><\/li><li class=\"\" data-start=\"1530\" data-end=\"1568\"><p class=\"\" data-start=\"1532\" data-end=\"1568\">Eco-friendly, recyclable materials<\/p><\/li><li class=\"\" data-start=\"1569\" data-end=\"1594\"><p class=\"\" data-start=\"1571\" data-end=\"1594\">Clean, modern aesthetic<\/p><\/li><\/ul><p class=\"\" data-start=\"1596\" data-end=\"1925\">At Tokozint, our mission is to offer architectural solutions that are both functional and visually appealing.<\/p><p class=\"\" data-start=\"1596\" data-end=\"1925\">Proudly made in Turkey, our products are competitively priced and quality assured.<\/p><p class=\"\" data-start=\"1596\" data-end=\"1925\">To browse our full product range and find the ideal pedestal for your project, visit <strong data-start=\"1874\" data-end=\"1918\"><a class=\"\" href=\"https:\/\/tokozint.com\/es\/\" target=\"_new\" rel=\"noopener\" data-start=\"1876\" data-end=\"1916\">Tokozint.com<\/a><\/strong> today.<\/p>\t\t\t\t\t\t\t\t<\/div>\n\t\t\t\t<\/div>\n\t\t\t\t\t<\/div>\n\t\t\t\t<\/div>\n\t\t<div class=\"elementor-element elementor-element-5212414 e-flex e-con-boxed e-con e-parent\" data-id=\"5212414\" data-element_type=\"container\" data-e-type=\"container\">\n\t\t\t\t\t<div class=\"e-con-inner\">\n\t\t<div class=\"elementor-element elementor-element-c85335a e-con-full e-flex e-con e-child\" data-id=\"c85335a\" data-element_type=\"container\" data-e-type=\"container\">\n\t\t\t\t<div class=\"elementor-element elementor-element-bf93c52 elementor-widget elementor-widget-image\" data-id=\"bf93c52\" data-element_type=\"widget\" data-e-type=\"widget\" data-widget_type=\"image.default\">\n\t\t\t\t<div class=\"elementor-widget-container\">\n\t\t\t\t\t\t\t\t\t\t\t\t\t\t\t<img fetchpriority=\"high\" decoding=\"async\" width=\"930\" height=\"1024\" src=\"https:\/\/tokozint.com\/wp-content\/uploads\/2019\/10\/premium-rail-system1-930x1024.webp\" class=\"attachment-large size-large wp-image-5871\" alt=\"\" srcset=\"https:\/\/tokozint.com\/wp-content\/uploads\/2019\/10\/premium-rail-system1-930x1024.webp 930w, https:\/\/tokozint.com\/wp-content\/uploads\/2019\/10\/premium-rail-system1-273x300.webp 273w, https:\/\/tokozint.com\/wp-content\/uploads\/2019\/10\/premium-rail-system1-768x845.webp 768w, https:\/\/tokozint.com\/wp-content\/uploads\/2019\/10\/premium-rail-system1-73x80.webp 73w, https:\/\/tokozint.com\/wp-content\/uploads\/2019\/10\/premium-rail-system1-360x396.webp 360w, https:\/\/tokozint.com\/wp-content\/uploads\/2019\/10\/premium-rail-system1-373x411.webp 373w, https:\/\/tokozint.com\/wp-content\/uploads\/2019\/10\/premium-rail-system1-620x682.webp 620w, https:\/\/tokozint.com\/wp-content\/uploads\/2019\/10\/premium-rail-system1-460x506.webp 460w, https:\/\/tokozint.com\/wp-content\/uploads\/2019\/10\/premium-rail-system1-365x402.webp 365w, https:\/\/tokozint.com\/wp-content\/uploads\/2019\/10\/premium-rail-system1-300x330.webp 300w, https:\/\/tokozint.com\/wp-content\/uploads\/2019\/10\/premium-rail-system1.webp 1024w\" sizes=\"(max-width: 930px) 100vw, 930px\" \/>\t\t\t\t\t\t\t\t\t\t\t\t\t\t\t<\/div>\n\t\t\t\t<\/div>\n\t\t\t\t<\/div>\n\t\t<div class=\"elementor-element elementor-element-e06b2b8 e-con-full e-flex e-con e-child\" data-id=\"e06b2b8\" data-element_type=\"container\" data-e-type=\"container\">\n\t\t\t\t<div class=\"elementor-element elementor-element-f86e3a7 elementor-widget elementor-widget-text-editor\" data-id=\"f86e3a7\" data-element_type=\"widget\" data-e-type=\"widget\" data-widget_type=\"text-editor.default\">\n\t\t\t\t<div class=\"elementor-widget-container\">\n\t\t\t\t\t\t\t\t\t<h4 data-start=\"1991\" data-end=\"2073\">\u00a0<\/h4><h4 class=\"\" data-start=\"1991\" data-end=\"2073\"><strong data-start=\"1996\" data-end=\"2073\">Outdoor Raised Floor Pedestals \u2013 Aesthetic and Functional Ground Solution<\/strong><\/h4><p class=\"\" data-start=\"2075\" data-end=\"2330\">Raised floor <a href=\"https:\/\/tokozint.com\/es\/product\/pedestal-clever\/\">pedestals<\/a> are an ideal solution for outdoor areas where both durability and design are essential.<\/p><p class=\"\" data-start=\"2075\" data-end=\"2330\">Tokozint.com offers pedestal systems that stand out for their performance and convenience in balconies, terraces, pool decks, and <a href=\"https:\/\/tokozint.com\/es\/product\/tls-tokoz\/\">garden spaces.<\/a><\/p><p class=\"\" data-start=\"2332\" data-end=\"2626\">These systems allow for a hollow space beneath the surface, making <strong data-start=\"2399\" data-end=\"2456\">drainage, cable management, and infrastructure access<\/strong> simple and clean.<\/p><p class=\"\" data-start=\"2332\" data-end=\"2626\">Tokozint pedestals are <strong data-start=\"2498\" data-end=\"2522\">adjustable in height<\/strong> and made from <strong data-start=\"2537\" data-end=\"2577\">UV-resistant, weatherproof materials<\/strong>, making them suitable for long-term outdoor use.<\/p><p class=\"\" data-start=\"2628\" data-end=\"2872\">Thanks to their <strong data-start=\"2644\" data-end=\"2665\">modular structure<\/strong>, installation is quick and efficient, making them a great option for both DIY users and professional installers.<\/p><p class=\"\" data-start=\"2628\" data-end=\"2872\">Slope correctors can also be added to ensure a perfectly level surface even on uneven ground.<\/p><p class=\"\" data-start=\"2874\" data-end=\"3040\">If you&#8217;re looking for a modern, eco-friendly, and long-lasting flooring solution for your outdoor project, <strong data-start=\"2981\" data-end=\"3016\"><a href=\"https:\/\/tokozint.com\/es\/product\/pedestal-clever\/\">Tokozint<\/a> raised floor pedestals<\/strong> are the perfect choice.<\/p>\t\t\t\t\t\t\t\t<\/div>\n\t\t\t\t<\/div>\n\t\t\t\t<\/div>\n\t\t\t\t\t<\/div>\n\t\t\t\t<\/div>\n\t\t\t\t<\/div>","protected":false},"excerpt":{"rendered":"<p class=\"tx-excerpt\">Outdoor Raised Flooring Pedestals for Modern and Durable Surface Solutions\u00a0 Outdoor raised flooring pedestals offer both aesthetic and functional surface solutions for spaces such as...<\/p>","protected":false},"author":1,"featured_media":6402,"parent":0,"menu_order":0,"comment_status":"closed","ping_status":"closed","template":"","meta":{"footnotes":""},"class_list":["post-7072","page","type-page","status-publish","has-post-thumbnail","hentry"],"yoast_head":"<!-- This site is optimized with the Yoast SEO Premium plugin v21.7 (Yoast SEO v27.4) - https:\/\/yoast.com\/product\/yoast-seo-premium-wordpress\/ -->\n<title>D\u0131\u015f Mekan Y\u00fckseltilmi\u015f D\u00f6\u015feme Ayaklar\u0131 - Adjustable Plastic Flooring Pedestals and Outdoor floating floor pedestal<\/title>\n<meta name=\"description\" content=\"D\u0131\u015f mekan y\u00fckseltilmi\u015f d\u00f6\u015feme ayaklar\u0131 ile hayat ve i\u015f alanlar\u0131n\u0131za konfor ve verimlilik katabilirsiniz. Tokoz International\" \/>\n<meta name=\"robots\" content=\"index, follow, max-snippet:-1, max-image-preview:large, max-video-preview:-1\" \/>\n<link rel=\"canonical\" href=\"https:\/\/tokozint.com\/es\/dis-mekan-yukseltilmis-doseme-ayaklari\/\" \/>\n<meta property=\"og:locale\" content=\"es_ES\" \/>\n<meta property=\"og:type\" content=\"article\" \/>\n<meta property=\"og:title\" content=\"D\u0131\u015f Mekan Y\u00fckseltilmi\u015f D\u00f6\u015feme Ayaklar\u0131\" \/>\n<meta property=\"og:description\" content=\"D\u0131\u015f Mekan Y\u00fckseltilmi\u015f D\u00f6\u015feme Ayaklar\u0131 sipari\u015f istekleriniz i\u00e7in, talep formunu doldurman\u0131z yeterlidir. Uzmanlar\u0131m\u0131z sizlerle ileti\u015fime ge\u00e7ecektir.\" \/>\n<meta property=\"og:url\" content=\"https:\/\/tokozint.com\/es\/dis-mekan-yukseltilmis-doseme-ayaklari\/\" \/>\n<meta property=\"og:site_name\" content=\"Adjustable Plastic Flooring Pedestals and Outdoor floating floor pedestal\" \/>\n<meta property=\"article:publisher\" content=\"https:\/\/www.facebook.com\/tokozint\" \/>\n<meta property=\"article:modified_time\" content=\"2025-05-09T23:25:47+00:00\" \/>\n<meta property=\"og:image\" content=\"https:\/\/tokozint.com\/wp-content\/uploads\/2019\/10\/7_1-1-11.webp\" \/>\n\t<meta property=\"og:image:width\" content=\"1024\" \/>\n\t<meta property=\"og:image:height\" content=\"1132\" \/>\n\t<meta property=\"og:image:type\" content=\"image\/webp\" \/>\n<meta name=\"twitter:card\" content=\"summary_large_image\" \/>\n<meta name=\"twitter:description\" content=\"We produce raised floor pedestals and outdoor floating floor pedestal. Composite deck prices and pedestal foot products on our site.\" \/>\n<meta name=\"twitter:label1\" content=\"Tiempo de lectura\" \/>\n\t<meta name=\"twitter:data1\" content=\"3 minutos\" \/>\n<script type=\"application\/ld+json\" class=\"yoast-schema-graph\">{\"@context\":\"https:\\\/\\\/schema.org\",\"@graph\":[{\"@type\":\"WebPage\",\"@id\":\"https:\\\/\\\/tokozint.com\\\/dis-mekan-yukseltilmis-doseme-ayaklari\\\/\",\"url\":\"https:\\\/\\\/tokozint.com\\\/dis-mekan-yukseltilmis-doseme-ayaklari\\\/\",\"name\":\"D\u0131\u015f Mekan Y\u00fckseltilmi\u015f D\u00f6\u015feme Ayaklar\u0131 - Adjustable Plastic Flooring Pedestals and Outdoor floating floor pedestal\",\"isPartOf\":{\"@id\":\"https:\\\/\\\/tokozint.com\\\/#website\"},\"primaryImageOfPage\":{\"@id\":\"https:\\\/\\\/tokozint.com\\\/dis-mekan-yukseltilmis-doseme-ayaklari\\\/#primaryimage\"},\"image\":{\"@id\":\"https:\\\/\\\/tokozint.com\\\/dis-mekan-yukseltilmis-doseme-ayaklari\\\/#primaryimage\"},\"thumbnailUrl\":\"https:\\\/\\\/tokozint.com\\\/wp-content\\\/uploads\\\/2019\\\/10\\\/7_1-1-11.webp\",\"datePublished\":\"2025-05-09T22:57:21+00:00\",\"dateModified\":\"2025-05-09T23:25:47+00:00\",\"description\":\"D\u0131\u015f mekan y\u00fckseltilmi\u015f d\u00f6\u015feme ayaklar\u0131 ile hayat ve i\u015f alanlar\u0131n\u0131za konfor ve verimlilik katabilirsiniz. Tokoz International\",\"breadcrumb\":{\"@id\":\"https:\\\/\\\/tokozint.com\\\/dis-mekan-yukseltilmis-doseme-ayaklari\\\/#breadcrumb\"},\"inLanguage\":\"es\",\"potentialAction\":[{\"@type\":\"ReadAction\",\"target\":[\"https:\\\/\\\/tokozint.com\\\/dis-mekan-yukseltilmis-doseme-ayaklari\\\/\"]}]},{\"@type\":\"ImageObject\",\"inLanguage\":\"es\",\"@id\":\"https:\\\/\\\/tokozint.com\\\/dis-mekan-yukseltilmis-doseme-ayaklari\\\/#primaryimage\",\"url\":\"https:\\\/\\\/tokozint.com\\\/wp-content\\\/uploads\\\/2019\\\/10\\\/7_1-1-11.webp\",\"contentUrl\":\"https:\\\/\\\/tokozint.com\\\/wp-content\\\/uploads\\\/2019\\\/10\\\/7_1-1-11.webp\",\"width\":1024,\"height\":1132},{\"@type\":\"BreadcrumbList\",\"@id\":\"https:\\\/\\\/tokozint.com\\\/dis-mekan-yukseltilmis-doseme-ayaklari\\\/#breadcrumb\",\"itemListElement\":[{\"@type\":\"ListItem\",\"position\":1,\"name\":\"Home\",\"item\":\"https:\\\/\\\/tokozint.com\\\/\"},{\"@type\":\"ListItem\",\"position\":2,\"name\":\"D\u0131\u015f Mekan Y\u00fckseltilmi\u015f D\u00f6\u015feme Ayaklar\u0131\"}]},{\"@type\":\"WebSite\",\"@id\":\"https:\\\/\\\/tokozint.com\\\/#website\",\"url\":\"https:\\\/\\\/tokozint.com\\\/\",\"name\":\"Adjustable Plastic Flooring Pedestals and Outdoor floating floor pedestal\",\"description\":\"We produce raised floor pedestals and outdoor floating floor pedestal. Composite deck prices and pedestal foot products on our site.\",\"publisher\":{\"@id\":\"https:\\\/\\\/tokozint.com\\\/#organization\"},\"potentialAction\":[{\"@type\":\"SearchAction\",\"target\":{\"@type\":\"EntryPoint\",\"urlTemplate\":\"https:\\\/\\\/tokozint.com\\\/?s={search_term_string}\"},\"query-input\":{\"@type\":\"PropertyValueSpecification\",\"valueRequired\":true,\"valueName\":\"search_term_string\"}}],\"inLanguage\":\"es\"},{\"@type\":\"Organization\",\"@id\":\"https:\\\/\\\/tokozint.com\\\/#organization\",\"name\":\"Tokoz International Adjustable Plastic Flooring Pedestals\",\"alternateName\":\"We produce raised floor pedestals and outdoor floating floor pedestal. Composite deck prices and pedestal foot products on our site.\",\"url\":\"https:\\\/\\\/tokozint.com\\\/\",\"logo\":{\"@type\":\"ImageObject\",\"inLanguage\":\"es\",\"@id\":\"https:\\\/\\\/tokozint.com\\\/#\\\/schema\\\/logo\\\/image\\\/\",\"url\":\"https:\\\/\\\/tokozint.com\\\/wp-content\\\/uploads\\\/2023\\\/11\\\/Perium-logo.png\",\"contentUrl\":\"https:\\\/\\\/tokozint.com\\\/wp-content\\\/uploads\\\/2023\\\/11\\\/Perium-logo.png\",\"width\":516,\"height\":516,\"caption\":\"Tokoz International Adjustable Plastic Flooring Pedestals\"},\"image\":{\"@id\":\"https:\\\/\\\/tokozint.com\\\/#\\\/schema\\\/logo\\\/image\\\/\"},\"sameAs\":[\"https:\\\/\\\/www.facebook.com\\\/tokozint\",\"https:\\\/\\\/www.instagram.com\\\/tokozint\\\/\"]}]}<\/script>\n<!-- \/ Yoast SEO Premium plugin. -->","yoast_head_json":{"title":"D\u0131\u015f Mekan Y\u00fckseltilmi\u015f D\u00f6\u015feme Ayaklar\u0131 - Adjustable Plastic Flooring Pedestals and Outdoor floating floor pedestal","description":"D\u0131\u015f mekan y\u00fckseltilmi\u015f d\u00f6\u015feme ayaklar\u0131 ile hayat ve i\u015f alanlar\u0131n\u0131za konfor ve verimlilik katabilirsiniz. Tokoz International","robots":{"index":"index","follow":"follow","max-snippet":"max-snippet:-1","max-image-preview":"max-image-preview:large","max-video-preview":"max-video-preview:-1"},"canonical":"https:\/\/tokozint.com\/es\/dis-mekan-yukseltilmis-doseme-ayaklari\/","og_locale":"es_ES","og_type":"article","og_title":"D\u0131\u015f Mekan Y\u00fckseltilmi\u015f D\u00f6\u015feme Ayaklar\u0131","og_description":"D\u0131\u015f Mekan Y\u00fckseltilmi\u015f D\u00f6\u015feme Ayaklar\u0131 sipari\u015f istekleriniz i\u00e7in, talep formunu doldurman\u0131z yeterlidir. Uzmanlar\u0131m\u0131z sizlerle ileti\u015fime ge\u00e7ecektir.","og_url":"https:\/\/tokozint.com\/es\/dis-mekan-yukseltilmis-doseme-ayaklari\/","og_site_name":"Adjustable Plastic Flooring Pedestals and Outdoor floating floor pedestal","article_publisher":"https:\/\/www.facebook.com\/tokozint","article_modified_time":"2025-05-09T23:25:47+00:00","og_image":[{"width":1024,"height":1132,"url":"https:\/\/tokozint.com\/wp-content\/uploads\/2019\/10\/7_1-1-11.webp","type":"image\/webp"}],"twitter_card":"summary_large_image","twitter_description":"We produce raised floor pedestals and outdoor floating floor pedestal. Composite deck prices and pedestal foot products on our site.","twitter_misc":{"Tiempo de lectura":"3 minutos"},"schema":{"@context":"https:\/\/schema.org","@graph":[{"@type":"WebPage","@id":"https:\/\/tokozint.com\/dis-mekan-yukseltilmis-doseme-ayaklari\/","url":"https:\/\/tokozint.com\/dis-mekan-yukseltilmis-doseme-ayaklari\/","name":"D\u0131\u015f Mekan Y\u00fckseltilmi\u015f D\u00f6\u015feme Ayaklar\u0131 - Adjustable Plastic Flooring Pedestals and Outdoor floating floor pedestal","isPartOf":{"@id":"https:\/\/tokozint.com\/#website"},"primaryImageOfPage":{"@id":"https:\/\/tokozint.com\/dis-mekan-yukseltilmis-doseme-ayaklari\/#primaryimage"},"image":{"@id":"https:\/\/tokozint.com\/dis-mekan-yukseltilmis-doseme-ayaklari\/#primaryimage"},"thumbnailUrl":"https:\/\/tokozint.com\/wp-content\/uploads\/2019\/10\/7_1-1-11.webp","datePublished":"2025-05-09T22:57:21+00:00","dateModified":"2025-05-09T23:25:47+00:00","description":"D\u0131\u015f mekan y\u00fckseltilmi\u015f d\u00f6\u015feme ayaklar\u0131 ile hayat ve i\u015f alanlar\u0131n\u0131za konfor ve verimlilik katabilirsiniz. Tokoz International","breadcrumb":{"@id":"https:\/\/tokozint.com\/dis-mekan-yukseltilmis-doseme-ayaklari\/#breadcrumb"},"inLanguage":"es","potentialAction":[{"@type":"ReadAction","target":["https:\/\/tokozint.com\/dis-mekan-yukseltilmis-doseme-ayaklari\/"]}]},{"@type":"ImageObject","inLanguage":"es","@id":"https:\/\/tokozint.com\/dis-mekan-yukseltilmis-doseme-ayaklari\/#primaryimage","url":"https:\/\/tokozint.com\/wp-content\/uploads\/2019\/10\/7_1-1-11.webp","contentUrl":"https:\/\/tokozint.com\/wp-content\/uploads\/2019\/10\/7_1-1-11.webp","width":1024,"height":1132},{"@type":"BreadcrumbList","@id":"https:\/\/tokozint.com\/dis-mekan-yukseltilmis-doseme-ayaklari\/#breadcrumb","itemListElement":[{"@type":"ListItem","position":1,"name":"Home","item":"https:\/\/tokozint.com\/"},{"@type":"ListItem","position":2,"name":"D\u0131\u015f Mekan Y\u00fckseltilmi\u015f D\u00f6\u015feme Ayaklar\u0131"}]},{"@type":"WebSite","@id":"https:\/\/tokozint.com\/#website","url":"https:\/\/tokozint.com\/","name":"Soportes Ajustables de Pl\u00e1stico","description":"Soportes Ajustables de Pl\u00e1stico, patas de suelo elevado de pl\u00e1stico ajustables. pies de piso elevado","publisher":{"@id":"https:\/\/tokozint.com\/#organization"},"potentialAction":[{"@type":"SearchAction","target":{"@type":"EntryPoint","urlTemplate":"https:\/\/tokozint.com\/?s={search_term_string}"},"query-input":{"@type":"PropertyValueSpecification","valueRequired":true,"valueName":"search_term_string"}}],"inLanguage":"es"},{"@type":"Organization","@id":"https:\/\/tokozint.com\/#organization","name":"Tokoz International Adjustable Plastic Flooring Pedestals","alternateName":"We produce raised floor pedestals and outdoor floating floor pedestal. Composite deck prices and pedestal foot products on our site.","url":"https:\/\/tokozint.com\/","logo":{"@type":"ImageObject","inLanguage":"es","@id":"https:\/\/tokozint.com\/#\/schema\/logo\/image\/","url":"https:\/\/tokozint.com\/wp-content\/uploads\/2023\/11\/Perium-logo.png","contentUrl":"https:\/\/tokozint.com\/wp-content\/uploads\/2023\/11\/Perium-logo.png","width":516,"height":516,"caption":"Tokoz International Adjustable Plastic Flooring Pedestals"},"image":{"@id":"https:\/\/tokozint.com\/#\/schema\/logo\/image\/"},"sameAs":["https:\/\/www.facebook.com\/tokozint","https:\/\/www.instagram.com\/tokozint\/"]}]}},"meta_box":[],"_links":{"self":[{"href":"https:\/\/tokozint.com\/es\/wp-json\/wp\/v2\/pages\/7072","targetHints":{"allow":["GET"]}}],"collection":[{"href":"https:\/\/tokozint.com\/es\/wp-json\/wp\/v2\/pages"}],"about":[{"href":"https:\/\/tokozint.com\/es\/wp-json\/wp\/v2\/types\/page"}],"author":[{"embeddable":true,"href":"https:\/\/tokozint.com\/es\/wp-json\/wp\/v2\/users\/1"}],"replies":[{"embeddable":true,"href":"https:\/\/tokozint.com\/es\/wp-json\/wp\/v2\/comments?post=7072"}],"version-history":[{"count":11,"href":"https:\/\/tokozint.com\/es\/wp-json\/wp\/v2\/pages\/7072\/revisions"}],"predecessor-version":[{"id":7083,"href":"https:\/\/tokozint.com\/es\/wp-json\/wp\/v2\/pages\/7072\/revisions\/7083"}],"wp:featuredmedia":[{"embeddable":true,"href":"https:\/\/tokozint.com\/es\/wp-json\/wp\/v2\/media\/6402"}],"wp:attachment":[{"href":"https:\/\/tokozint.com\/es\/wp-json\/wp\/v2\/media?parent=7072"}],"curies":[{"name":"wp","href":"https:\/\/api.w.org\/{rel}","templated":true}]}}