{"id":5225,"date":"2023-11-22T02:56:20","date_gmt":"2023-11-21T23:56:20","guid":{"rendered":"https:\/\/tokozint.com\/?page_id=5225"},"modified":"2026-04-07T14:20:42","modified_gmt":"2026-04-07T11:20:42","slug":"certificates","status":"publish","type":"page","link":"https:\/\/tokozint.com\/de\/certificates\/","title":{"rendered":"ZERTIFIKATE"},"content":{"rendered":"<div data-elementor-type=\"wp-page\" data-elementor-id=\"5225\" class=\"elementor elementor-5225\" data-elementor-post-type=\"page\">\n\t\t\t\t<div class=\"elementor-element elementor-element-518d93a e-flex e-con-boxed e-con e-parent\" data-id=\"518d93a\" data-element_type=\"container\" data-e-type=\"container\">\n\t\t\t\t\t<div class=\"e-con-inner\">\n\t\t\t\t<div class=\"elementor-element elementor-element-06dff49 tx-hd-align-center elementor-widget elementor-widget-avas-heading\" data-id=\"06dff49\" data-element_type=\"widget\" data-e-type=\"widget\" data-widget_type=\"avas-heading.default\">\n\t\t\t\t<div class=\"elementor-widget-container\">\n\t\t\t\t\t        <div class=\"tx-hd-wrap\">\n\n            <div class=\"tx-hd-wm\"><\/div>\n\n            \n            <div class=\"tx-hd-sub\"><\/div>\n                        <h2 class=\"tx-hd-title\">\n                <span class=\"tx-hd-first-part\">Certificates<\/span>\n                <span class=\"tx-hd-last-part\"><\/span>\n            <\/h2>    \n            \n            <div class=\"tx-hd-desc\"><\/div>\n\n\n                   \n        <\/div><!-- tx-hd-wrap -->\n\n\n\n\n\n\n\n\n\t\t\t\t<\/div>\n\t\t\t\t<\/div>\n\t\t\t\t\t<\/div>\n\t\t\t\t<\/div>\n\t\t\t\t<section class=\"elementor-section elementor-top-section elementor-element elementor-element-b64cfa9 elementor-section-stretched certificate_manual_width elementor-section-boxed elementor-section-height-default elementor-section-height-default\" data-id=\"b64cfa9\" data-element_type=\"section\" data-e-type=\"section\" data-settings=\"{&quot;stretch_section&quot;:&quot;section-stretched&quot;}\">\n\t\t\t\t\t\t<div class=\"elementor-container elementor-column-gap-custom\">\n\t\t\t\t\t<div class=\"elementor-column elementor-col-33 elementor-top-column elementor-element elementor-element-a00297c\" data-id=\"a00297c\" data-element_type=\"column\" data-e-type=\"column\">\n\t\t\t<div class=\"elementor-widget-wrap elementor-element-populated\">\n\t\t\t\t\t\t<div data-tx-wrapper-link=\"{&quot;url&quot;:&quot;https:\\\/\\\/tokozint.com\\\/wp-content\\\/uploads\\\/2023\\\/11\\\/TOKOZ-ULUSLARARASI-9-ENG.pdf&quot;,&quot;is_external&quot;:&quot;on&quot;,&quot;nofollow&quot;:&quot;&quot;,&quot;custom_attributes&quot;:&quot;&quot;}\" style=\"cursor: pointer\" class=\"tx-wrapper-link elementor-element elementor-element-dac9c07 elementor-widget elementor-widget-avas-icon-box\" data-id=\"dac9c07\" data-element_type=\"widget\" data-e-type=\"widget\" data-widget_type=\"avas-icon-box.default\">\n\t\t\t\t<div class=\"elementor-widget-container\">\n\t\t\t\t\t\t\n\t\t<div class=\"tx-icon-box-wrap style-3 left\">\n\n\t\t\t<div class=\"tx-icon-box-icon\">\n\t\t\t\t<i aria-hidden=\"true\" class=\"fas fa-file-pdf\"><\/i>\n\t\t\t\t\t\t\t\t\t\t\t\t<h4 class=\"tx-icon-box-title\">\n\t\t\t\tCERTIFICATE ISO 9001\t\t\t\t<\/h4>\n\t\t\t\t\t\t\t\t\n\t\t\t<\/div><!-- tx-icon-box-icon -->\n\n\t\t\t<div class=\"tx-icon-box-content-wrap\">\n\n\t\t\t\t\n\t\t\t\t<div class=\"tx-icon-box-desc\"><\/div>\n\t\t\t\t\t\t\t<\/div><!-- tx-icon-box-content-wrap -->\n\n\t\t<\/div><!-- tx-icon-box-wrap -->\n\n\t\t\t\t<\/div>\n\t\t\t\t<\/div>\n\t\t\t\t\t<\/div>\n\t\t<\/div>\n\t\t\t\t<div class=\"elementor-column elementor-col-33 elementor-top-column elementor-element elementor-element-b3c60aa\" data-id=\"b3c60aa\" data-element_type=\"column\" data-e-type=\"column\">\n\t\t\t<div class=\"elementor-widget-wrap elementor-element-populated\">\n\t\t\t\t\t\t<div data-tx-wrapper-link=\"{&quot;url&quot;:&quot;https:\\\/\\\/tokozint.com\\\/wp-content\\\/uploads\\\/2025\\\/09\\\/TSE-2025.pdf&quot;,&quot;is_external&quot;:&quot;on&quot;,&quot;nofollow&quot;:&quot;&quot;,&quot;custom_attributes&quot;:&quot;&quot;}\" style=\"cursor: pointer\" class=\"tx-wrapper-link elementor-element elementor-element-74c5b13 elementor-widget elementor-widget-avas-icon-box\" data-id=\"74c5b13\" data-element_type=\"widget\" data-e-type=\"widget\" data-widget_type=\"avas-icon-box.default\">\n\t\t\t\t<div class=\"elementor-widget-container\">\n\t\t\t\t\t\t\n\t\t<div class=\"tx-icon-box-wrap style-3 left\">\n\n\t\t\t<div class=\"tx-icon-box-icon\">\n\t\t\t\t<i aria-hidden=\"true\" class=\"fas fa-file-pdf\"><\/i>\n\t\t\t\t\t\t\t\t\t\t\t\t<h4 class=\"tx-icon-box-title\">\n\t\t\t\tCERTIFICATE OF TSE\t\t\t\t<\/h4>\n\t\t\t\t\t\t\t\t\n\t\t\t<\/div><!-- tx-icon-box-icon -->\n\n\t\t\t<div class=\"tx-icon-box-content-wrap\">\n\n\t\t\t\t\n\t\t\t\t<div class=\"tx-icon-box-desc\"><\/div>\n\t\t\t\t\t\t\t<\/div><!-- tx-icon-box-content-wrap -->\n\n\t\t<\/div><!-- tx-icon-box-wrap -->\n\n\t\t\t\t<\/div>\n\t\t\t\t<\/div>\n\t\t\t\t\t<\/div>\n\t\t<\/div>\n\t\t\t\t<div class=\"elementor-column elementor-col-33 elementor-top-column elementor-element elementor-element-b29083f\" data-id=\"b29083f\" data-element_type=\"column\" data-e-type=\"column\">\n\t\t\t<div class=\"elementor-widget-wrap elementor-element-populated\">\n\t\t\t\t\t\t<div data-tx-wrapper-link=\"{&quot;url&quot;:&quot;https:\\\/\\\/tokozint.com\\\/wp-content\\\/uploads\\\/2023\\\/11\\\/SERTIFIKA.pdf&quot;,&quot;is_external&quot;:&quot;on&quot;,&quot;nofollow&quot;:&quot;&quot;,&quot;custom_attributes&quot;:&quot;&quot;}\" style=\"cursor: pointer\" class=\"tx-wrapper-link elementor-element elementor-element-f5ed0a6 elementor-widget elementor-widget-avas-icon-box\" data-id=\"f5ed0a6\" data-element_type=\"widget\" data-e-type=\"widget\" data-widget_type=\"avas-icon-box.default\">\n\t\t\t\t<div class=\"elementor-widget-container\">\n\t\t\t\t\t\t\n\t\t<div class=\"tx-icon-box-wrap style-3 left\">\n\n\t\t\t<div class=\"tx-icon-box-icon\">\n\t\t\t\t<i aria-hidden=\"true\" class=\"fas fa-file-pdf\"><\/i>\n\t\t\t\t\t\t\t\t\t\t\t\t<h4 class=\"tx-icon-box-title\">\n\t\t\t\tTEST CERTIFICATE\t\t\t\t<\/h4>\n\t\t\t\t\t\t\t\t\n\t\t\t<\/div><!-- tx-icon-box-icon -->\n\n\t\t\t<div class=\"tx-icon-box-content-wrap\">\n\n\t\t\t\t\n\t\t\t\t<div class=\"tx-icon-box-desc\"><\/div>\n\t\t\t\t\t\t\t<\/div><!-- tx-icon-box-content-wrap -->\n\n\t\t<\/div><!-- tx-icon-box-wrap -->\n\n\t\t\t\t<\/div>\n\t\t\t\t<\/div>\n\t\t\t\t\t<\/div>\n\t\t<\/div>\n\t\t\t\t\t<\/div>\n\t\t<\/section>\n\t\t\t\t<section class=\"elementor-section elementor-top-section elementor-element elementor-element-e609f95 elementor-section-stretched elementor-section-boxed elementor-section-height-default elementor-section-height-default\" data-id=\"e609f95\" data-element_type=\"section\" data-e-type=\"section\" data-settings=\"{&quot;stretch_section&quot;:&quot;section-stretched&quot;}\">\n\t\t\t\t\t\t<div class=\"elementor-container elementor-column-gap-custom\">\n\t\t\t\t\t<div class=\"elementor-column elementor-col-50 elementor-top-column elementor-element elementor-element-e30af76\" data-id=\"e30af76\" data-element_type=\"column\" data-e-type=\"column\">\n\t\t\t<div class=\"elementor-widget-wrap elementor-element-populated\">\n\t\t\t\t\t\t<div data-tx-wrapper-link=\"{&quot;url&quot;:&quot;https:\\\/\\\/tokozint.com\\\/wp-content\\\/uploads\\\/2023\\\/11\\\/PREMIUM-SERIE_TEST-REPORT_2020.pdf&quot;,&quot;is_external&quot;:&quot;on&quot;,&quot;nofollow&quot;:&quot;&quot;,&quot;custom_attributes&quot;:&quot;&quot;}\" style=\"cursor: pointer\" class=\"tx-wrapper-link elementor-element elementor-element-e4a3e96 elementor-widget elementor-widget-avas-icon-box\" data-id=\"e4a3e96\" data-element_type=\"widget\" data-e-type=\"widget\" data-widget_type=\"avas-icon-box.default\">\n\t\t\t\t<div class=\"elementor-widget-container\">\n\t\t\t\t\t\t\n\t\t<div class=\"tx-icon-box-wrap style-3 left\">\n\n\t\t\t<div class=\"tx-icon-box-icon\">\n\t\t\t\t<i aria-hidden=\"true\" class=\"fas fa-file-pdf\"><\/i>\n\t\t\t\t\t\t\t\t\t\t\t\t<h4 class=\"tx-icon-box-title\">\n\t\t\t\tPREMIUM SERIE TEST REPORT\t\t\t\t<\/h4>\n\t\t\t\t\t\t\t\t\n\t\t\t<\/div><!-- tx-icon-box-icon -->\n\n\t\t\t<div class=\"tx-icon-box-content-wrap\">\n\n\t\t\t\t\n\t\t\t\t<div class=\"tx-icon-box-desc\"><\/div>\n\t\t\t\t\t\t\t<\/div><!-- tx-icon-box-content-wrap -->\n\n\t\t<\/div><!-- tx-icon-box-wrap -->\n\n\t\t\t\t<\/div>\n\t\t\t\t<\/div>\n\t\t\t\t\t<\/div>\n\t\t<\/div>\n\t\t\t\t<div class=\"elementor-column elementor-col-50 elementor-top-column elementor-element elementor-element-3167e0c\" data-id=\"3167e0c\" data-element_type=\"column\" data-e-type=\"column\">\n\t\t\t<div class=\"elementor-widget-wrap elementor-element-populated\">\n\t\t\t\t\t\t<div data-tx-wrapper-link=\"{&quot;url&quot;:&quot;https:\\\/\\\/tokozint.com\\\/wp-content\\\/uploads\\\/2023\\\/11\\\/CLEVER-SERIE_TEST-REPORT_2020.pdf&quot;,&quot;is_external&quot;:&quot;on&quot;,&quot;nofollow&quot;:&quot;&quot;,&quot;custom_attributes&quot;:&quot;&quot;}\" style=\"cursor: pointer\" class=\"tx-wrapper-link elementor-element elementor-element-44601cd elementor-widget elementor-widget-avas-icon-box\" data-id=\"44601cd\" data-element_type=\"widget\" data-e-type=\"widget\" data-widget_type=\"avas-icon-box.default\">\n\t\t\t\t<div class=\"elementor-widget-container\">\n\t\t\t\t\t\t\n\t\t<div class=\"tx-icon-box-wrap style-3 left\">\n\n\t\t\t<div class=\"tx-icon-box-icon\">\n\t\t\t\t<i aria-hidden=\"true\" class=\"fas fa-file-pdf\"><\/i>\n\t\t\t\t\t\t\t\t\t\t\t\t<h4 class=\"tx-icon-box-title\">\n\t\t\t\tCLEVER SERIE TEST REPORT\t\t\t\t<\/h4>\n\t\t\t\t\t\t\t\t\n\t\t\t<\/div><!-- tx-icon-box-icon -->\n\n\t\t\t<div class=\"tx-icon-box-content-wrap\">\n\n\t\t\t\t\n\t\t\t\t<div class=\"tx-icon-box-desc\"><\/div>\n\t\t\t\t\t\t\t<\/div><!-- tx-icon-box-content-wrap -->\n\n\t\t<\/div><!-- tx-icon-box-wrap -->\n\n\t\t\t\t<\/div>\n\t\t\t\t<\/div>\n\t\t\t\t\t<\/div>\n\t\t<\/div>\n\t\t\t\t\t<\/div>\n\t\t<\/section>\n\t\t\t\t<\/div>","protected":false},"excerpt":{"rendered":"<p class=\"tx-excerpt\">Certificates CERTIFICATE ISO 9001 CERTIFICATE OF TSE TEST CERTIFICATE PREMIUM SERIE TEST REPORT CLEVER SERIE TEST REPORT\n<\/p>","protected":false},"author":1,"featured_media":0,"parent":0,"menu_order":0,"comment_status":"closed","ping_status":"closed","template":"","meta":{"footnotes":""},"class_list":["post-5225","page","type-page","status-publish","hentry"],"yoast_head":"<!-- This site is optimized with the Yoast SEO Premium plugin v21.7 (Yoast SEO v27.3) - https:\/\/yoast.com\/product\/yoast-seo-premium-wordpress\/ -->\n<title>CERTIFICATES - Adjustable Plastic Flooring Pedestals and Outdoor floating floor pedestal<\/title>\n<meta name=\"description\" content=\"We produce raised floor pedestals and outdoor floating floor pedestal. Composite deck prices and pedestal foot products on our site.\" \/>\n<meta name=\"robots\" content=\"index, follow, max-snippet:-1, max-image-preview:large, max-video-preview:-1\" \/>\n<link rel=\"canonical\" href=\"https:\/\/tokozint.com\/de\/certificates\/\" \/>\n<meta property=\"og:locale\" content=\"de_DE\" \/>\n<meta property=\"og:type\" content=\"article\" \/>\n<meta property=\"og:title\" content=\"CERTIFICATES\" \/>\n<meta property=\"og:description\" content=\"We produce raised floor pedestals and outdoor floating floor pedestal. Composite deck prices and pedestal foot products on our site.\" \/>\n<meta property=\"og:url\" content=\"https:\/\/tokozint.com\/de\/certificates\/\" \/>\n<meta property=\"og:site_name\" content=\"Adjustable Plastic Flooring Pedestals and Outdoor floating floor pedestal\" \/>\n<meta property=\"article:publisher\" content=\"https:\/\/www.facebook.com\/tokozint\" \/>\n<meta property=\"article:modified_time\" content=\"2026-04-07T11:20:42+00:00\" \/>\n<meta property=\"og:image\" content=\"https:\/\/tokozint.com\/wp-content\/uploads\/2019\/10\/Premium-t-logo.png\" \/>\n\t<meta property=\"og:image:width\" content=\"2079\" \/>\n\t<meta property=\"og:image:height\" content=\"2079\" \/>\n\t<meta property=\"og:image:type\" content=\"image\/png\" \/>\n<meta name=\"twitter:card\" content=\"summary_large_image\" \/>\n<meta name=\"twitter:label1\" content=\"Gesch\u00e4tzte Lesezeit\" \/>\n\t<meta name=\"twitter:data1\" content=\"1\u00a0Minute\" \/>\n<script type=\"application\/ld+json\" class=\"yoast-schema-graph\">{\"@context\":\"https:\\\/\\\/schema.org\",\"@graph\":[{\"@type\":\"WebPage\",\"@id\":\"https:\\\/\\\/tokozint.com\\\/certificates\\\/\",\"url\":\"https:\\\/\\\/tokozint.com\\\/certificates\\\/\",\"name\":\"CERTIFICATES - Adjustable Plastic Flooring Pedestals and Outdoor floating floor pedestal\",\"isPartOf\":{\"@id\":\"https:\\\/\\\/tokozint.com\\\/#website\"},\"datePublished\":\"2023-11-21T23:56:20+00:00\",\"dateModified\":\"2026-04-07T11:20:42+00:00\",\"description\":\"We produce raised floor pedestals and outdoor floating floor pedestal. Composite deck prices and pedestal foot products on our site.\",\"breadcrumb\":{\"@id\":\"https:\\\/\\\/tokozint.com\\\/certificates\\\/#breadcrumb\"},\"inLanguage\":\"de\",\"potentialAction\":[{\"@type\":\"ReadAction\",\"target\":[\"https:\\\/\\\/tokozint.com\\\/certificates\\\/\"]}]},{\"@type\":\"BreadcrumbList\",\"@id\":\"https:\\\/\\\/tokozint.com\\\/certificates\\\/#breadcrumb\",\"itemListElement\":[{\"@type\":\"ListItem\",\"position\":1,\"name\":\"Home\",\"item\":\"https:\\\/\\\/tokozint.com\\\/\"},{\"@type\":\"ListItem\",\"position\":2,\"name\":\"CERTIFICATES\"}]},{\"@type\":\"WebSite\",\"@id\":\"https:\\\/\\\/tokozint.com\\\/#website\",\"url\":\"https:\\\/\\\/tokozint.com\\\/\",\"name\":\"Adjustable Plastic Flooring Pedestals and Outdoor floating floor pedestal\",\"description\":\"We produce raised floor pedestals and outdoor floating floor pedestal. Composite deck prices and pedestal foot products on our site.\",\"publisher\":{\"@id\":\"https:\\\/\\\/tokozint.com\\\/#organization\"},\"potentialAction\":[{\"@type\":\"SearchAction\",\"target\":{\"@type\":\"EntryPoint\",\"urlTemplate\":\"https:\\\/\\\/tokozint.com\\\/?s={search_term_string}\"},\"query-input\":{\"@type\":\"PropertyValueSpecification\",\"valueRequired\":true,\"valueName\":\"search_term_string\"}}],\"inLanguage\":\"de\"},{\"@type\":\"Organization\",\"@id\":\"https:\\\/\\\/tokozint.com\\\/#organization\",\"name\":\"Tokoz International Adjustable Plastic Flooring Pedestals\",\"alternateName\":\"We produce raised floor pedestals and outdoor floating floor pedestal. Composite deck prices and pedestal foot products on our site.\",\"url\":\"https:\\\/\\\/tokozint.com\\\/\",\"logo\":{\"@type\":\"ImageObject\",\"inLanguage\":\"de\",\"@id\":\"https:\\\/\\\/tokozint.com\\\/#\\\/schema\\\/logo\\\/image\\\/\",\"url\":\"https:\\\/\\\/tokozint.com\\\/wp-content\\\/uploads\\\/2023\\\/11\\\/Perium-logo.png\",\"contentUrl\":\"https:\\\/\\\/tokozint.com\\\/wp-content\\\/uploads\\\/2023\\\/11\\\/Perium-logo.png\",\"width\":516,\"height\":516,\"caption\":\"Tokoz International Adjustable Plastic Flooring Pedestals\"},\"image\":{\"@id\":\"https:\\\/\\\/tokozint.com\\\/#\\\/schema\\\/logo\\\/image\\\/\"},\"sameAs\":[\"https:\\\/\\\/www.facebook.com\\\/tokozint\",\"https:\\\/\\\/www.instagram.com\\\/tokozint\\\/\"]}]}<\/script>\n<!-- \/ Yoast SEO Premium plugin. -->","yoast_head_json":{"title":"CERTIFICATES - Adjustable Plastic Flooring Pedestals and Outdoor floating floor pedestal","description":"Wir produzieren Doppelbodensockel und schwimmende Bodensockel f\u00fcr den Au\u00dfenbereich. Preise f\u00fcr Verbunddecks und Sockelfu\u00dfprodukte auf unserer Website. Verstellbare Kunststofff\u00fc\u00dfe und \nStelzlager holzterrasse.","robots":{"index":"index","follow":"follow","max-snippet":"max-snippet:-1","max-image-preview":"max-image-preview:large","max-video-preview":"max-video-preview:-1"},"canonical":"https:\/\/tokozint.com\/de\/certificates\/","og_locale":"de_DE","og_type":"article","og_title":"CERTIFICATES","og_description":"We produce raised floor pedestals and outdoor floating floor pedestal. Composite deck prices and pedestal foot products on our site.","og_url":"https:\/\/tokozint.com\/de\/certificates\/","og_site_name":"Adjustable Plastic Flooring Pedestals and Outdoor floating floor pedestal","article_publisher":"https:\/\/www.facebook.com\/tokozint","article_modified_time":"2026-04-07T11:20:42+00:00","og_image":[{"width":2079,"height":2079,"url":"https:\/\/tokozint.com\/wp-content\/uploads\/2019\/10\/Premium-t-logo.png","type":"image\/png"}],"twitter_card":"summary_large_image","twitter_misc":{"Gesch\u00e4tzte Lesezeit":"1\u00a0Minute"},"schema":{"@context":"https:\/\/schema.org","@graph":[{"@type":"WebPage","@id":"https:\/\/tokozint.com\/certificates\/","url":"https:\/\/tokozint.com\/certificates\/","name":"CERTIFICATES - Adjustable Plastic Flooring Pedestals and Outdoor floating floor pedestal","isPartOf":{"@id":"https:\/\/tokozint.com\/#website"},"datePublished":"2023-11-21T23:56:20+00:00","dateModified":"2026-04-07T11:20:42+00:00","description":"Wir produzieren Doppelbodensockel und schwimmende Bodensockel f\u00fcr den Au\u00dfenbereich. Preise f\u00fcr Verbunddecks und Sockelfu\u00dfprodukte auf unserer Website. Verstellbare Kunststofff\u00fc\u00dfe und \nStelzlager holzterrasse.","breadcrumb":{"@id":"https:\/\/tokozint.com\/certificates\/#breadcrumb"},"inLanguage":"de","potentialAction":[{"@type":"ReadAction","target":["https:\/\/tokozint.com\/certificates\/"]}]},{"@type":"BreadcrumbList","@id":"https:\/\/tokozint.com\/certificates\/#breadcrumb","itemListElement":[{"@type":"ListItem","position":1,"name":"Home","item":"https:\/\/tokozint.com\/"},{"@type":"ListItem","position":2,"name":"CERTIFICATES"}]},{"@type":"WebSite","@id":"https:\/\/tokozint.com\/#website","url":"https:\/\/tokozint.com\/","name":"Verstellbare Kunststofff\u00fc\u00dfe und Stelzlager holzterrasse","description":"Wir produzieren Doppelbodensockel und schwimmende Bodensockel f\u00fcr den Au\u00dfenbereich. Preise f\u00fcr Verbunddecks und Sockelfu\u00dfprodukte auf unserer Website. Verstellbare Kunststofff\u00fc\u00dfe und \nStelzlager holzterrasse.","publisher":{"@id":"https:\/\/tokozint.com\/#organization"},"potentialAction":[{"@type":"SearchAction","target":{"@type":"EntryPoint","urlTemplate":"https:\/\/tokozint.com\/?s={search_term_string}"},"query-input":{"@type":"PropertyValueSpecification","valueRequired":true,"valueName":"search_term_string"}}],"inLanguage":"de"},{"@type":"Organization","@id":"https:\/\/tokozint.com\/#organization","name":"Tokoz International Adjustable Plastic Flooring Pedestals","alternateName":"We produce raised floor pedestals and outdoor floating floor pedestal. Composite deck prices and pedestal foot products on our site.","url":"https:\/\/tokozint.com\/","logo":{"@type":"ImageObject","inLanguage":"de","@id":"https:\/\/tokozint.com\/#\/schema\/logo\/image\/","url":"https:\/\/tokozint.com\/wp-content\/uploads\/2023\/11\/Perium-logo.png","contentUrl":"https:\/\/tokozint.com\/wp-content\/uploads\/2023\/11\/Perium-logo.png","width":516,"height":516,"caption":"Tokoz International Adjustable Plastic Flooring Pedestals"},"image":{"@id":"https:\/\/tokozint.com\/#\/schema\/logo\/image\/"},"sameAs":["https:\/\/www.facebook.com\/tokozint","https:\/\/www.instagram.com\/tokozint\/"]}]}},"meta_box":[],"_links":{"self":[{"href":"https:\/\/tokozint.com\/de\/wp-json\/wp\/v2\/pages\/5225","targetHints":{"allow":["GET"]}}],"collection":[{"href":"https:\/\/tokozint.com\/de\/wp-json\/wp\/v2\/pages"}],"about":[{"href":"https:\/\/tokozint.com\/de\/wp-json\/wp\/v2\/types\/page"}],"author":[{"embeddable":true,"href":"https:\/\/tokozint.com\/de\/wp-json\/wp\/v2\/users\/1"}],"replies":[{"embeddable":true,"href":"https:\/\/tokozint.com\/de\/wp-json\/wp\/v2\/comments?post=5225"}],"version-history":[{"count":50,"href":"https:\/\/tokozint.com\/de\/wp-json\/wp\/v2\/pages\/5225\/revisions"}],"predecessor-version":[{"id":7439,"href":"https:\/\/tokozint.com\/de\/wp-json\/wp\/v2\/pages\/5225\/revisions\/7439"}],"wp:attachment":[{"href":"https:\/\/tokozint.com\/de\/wp-json\/wp\/v2\/media?parent=5225"}],"curies":[{"name":"wp","href":"https:\/\/api.w.org\/{rel}","templated":true}]}}