{"id":262,"date":"2019-10-19T07:15:30","date_gmt":"2019-10-19T04:15:30","guid":{"rendered":"https:\/\/x-theme.net\/avas-creative-agency\/?page_id=262"},"modified":"2025-04-03T01:46:29","modified_gmt":"2025-04-02T22:46:29","slug":"contact-us","status":"publish","type":"page","link":"https:\/\/tokozint.com\/de\/contact-us\/","title":{"rendered":"Kontaktiere uns"},"content":{"rendered":"<div data-elementor-type=\"wp-page\" data-elementor-id=\"262\" class=\"elementor elementor-262\" data-elementor-post-type=\"page\">\n\t\t\t\t\t\t<section class=\"elementor-section elementor-top-section elementor-element elementor-element-4ea241d elementor-section-boxed elementor-section-height-default elementor-section-height-default\" data-id=\"4ea241d\" data-element_type=\"section\" data-e-type=\"section\">\n\t\t\t\t\t\t<div class=\"elementor-container elementor-column-gap-default\">\n\t\t\t\t\t<div class=\"elementor-column elementor-col-100 elementor-top-column elementor-element elementor-element-e3bc961\" data-id=\"e3bc961\" data-element_type=\"column\" data-e-type=\"column\">\n\t\t\t<div class=\"elementor-widget-wrap elementor-element-populated\">\n\t\t\t\t\t\t<div class=\"elementor-element elementor-element-d487d98 elementor-widget elementor-widget-google_maps\" data-id=\"d487d98\" data-element_type=\"widget\" data-e-type=\"widget\" data-widget_type=\"google_maps.default\">\n\t\t\t\t<div class=\"elementor-widget-container\">\n\t\t\t\t\t\t\t<div class=\"elementor-custom-embed\">\n\t\t\t<iframe loading=\"lazy\"\n\t\t\t\t\tsrc=\"https:\/\/maps.google.com\/maps?q=Tokoz%20pedestal%20international&#038;t=m&#038;z=16&#038;output=embed&#038;iwloc=near\"\n\t\t\t\t\ttitle=\"Tokoz pedestal international\"\n\t\t\t\t\taria-label=\"Tokoz pedestal international\"\n\t\t\t><\/iframe>\n\t\t<\/div>\n\t\t\t\t\t\t<\/div>\n\t\t\t\t<\/div>\n\t\t\t\t\t<\/div>\n\t\t<\/div>\n\t\t\t\t\t<\/div>\n\t\t<\/section>\n\t\t\t\t<section class=\"elementor-section elementor-top-section elementor-element elementor-element-dd9a362 elementor-section-boxed elementor-section-height-default elementor-section-height-default\" data-id=\"dd9a362\" data-element_type=\"section\" data-e-type=\"section\">\n\t\t\t\t\t\t<div class=\"elementor-container elementor-column-gap-default\">\n\t\t\t\t\t<div class=\"elementor-column elementor-col-33 elementor-top-column elementor-element elementor-element-671e87b\" data-id=\"671e87b\" data-element_type=\"column\" data-e-type=\"column\">\n\t\t\t<div class=\"elementor-widget-wrap elementor-element-populated\">\n\t\t\t\t\t\t<div class=\"elementor-element elementor-element-30b8d68 elementor-widget elementor-widget-avas-contact-form-7\" data-id=\"30b8d68\" data-element_type=\"widget\" data-e-type=\"widget\" data-widget_type=\"avas-contact-form-7.default\">\n\t\t\t\t<div class=\"elementor-widget-container\">\n\t\t\t\t\t        \n                <div class=\"tx-contact-form-7\">\n\n           \n<div class=\"wpcf7 no-js\" id=\"wpcf7-f261-o1\" lang=\"en-US\" dir=\"ltr\" data-wpcf7-id=\"261\">\n<div class=\"screen-reader-response\"><p role=\"status\" aria-live=\"polite\" aria-atomic=\"true\"><\/p> <ul><\/ul><\/div>\n<form action=\"\/de\/wp-json\/wp\/v2\/pages\/262#wpcf7-f261-o1\" method=\"post\" class=\"wpcf7-form init\" aria-label=\"Contact form\" novalidate=\"novalidate\" data-status=\"init\" data-trp-original-action=\"\/de\/wp-json\/wp\/v2\/pages\/262#wpcf7-f261-o1\">\n<fieldset class=\"hidden-fields-container\"><input type=\"hidden\" name=\"_wpcf7\" value=\"261\" \/><input type=\"hidden\" name=\"_wpcf7_version\" value=\"6.1.5\" \/><input type=\"hidden\" name=\"_wpcf7_locale\" value=\"en_US\" \/><input type=\"hidden\" name=\"_wpcf7_unit_tag\" value=\"wpcf7-f261-o1\" \/><input type=\"hidden\" name=\"_wpcf7_container_post\" value=\"0\" \/><input type=\"hidden\" name=\"_wpcf7_posted_data_hash\" value=\"\" \/>\n<\/fieldset>\n<div class=\"row\">\n\t<div class=\"col-xs-12 col-sm-6 col-md-6 col-lg-6\">\n\t\t<p><span class=\"wpcf7-form-control-wrap\" data-name=\"your-name\"><input size=\"40\" maxlength=\"400\" class=\"wpcf7-form-control wpcf7-text wpcf7-validates-as-required\" aria-required=\"true\" aria-invalid=\"false\" placeholder=\"Name\" value=\"\" type=\"text\" name=\"your-name\" \/><\/span>\n\t\t<\/p>\n\t<\/div>\n\t<div class=\"col-xs-12 col-sm-6 col-md-6 col-lg-6\">\n\t\t<p><span class=\"wpcf7-form-control-wrap\" data-name=\"your-email\"><input size=\"40\" maxlength=\"400\" class=\"wpcf7-form-control wpcf7-email wpcf7-validates-as-required wpcf7-text wpcf7-validates-as-email\" aria-required=\"true\" aria-invalid=\"false\" placeholder=\"E-mail\" value=\"\" type=\"email\" name=\"your-email\" \/><\/span>\n\t\t<\/p>\n\t<\/div>\n\t<div class=\"col-xs-12 col-sm-6 col-md-6 col-lg-6\">\n\t\t<p><span class=\"wpcf7-form-control-wrap\" data-name=\"phone\"><input size=\"40\" maxlength=\"400\" class=\"wpcf7-form-control wpcf7-tel wpcf7-validates-as-required wpcf7-text wpcf7-validates-as-tel\" aria-required=\"true\" aria-invalid=\"false\" placeholder=\"Phone\" value=\"\" type=\"tel\" name=\"phone\" \/><\/span>\n\t\t<\/p>\n\t<\/div>\n\t<div class=\"col-xs-12 col-sm-6 col-md-6 col-lg-6\">\n\t\t<p><span class=\"wpcf7-form-control-wrap\" data-name=\"subject\"><input size=\"40\" maxlength=\"400\" class=\"wpcf7-form-control wpcf7-text wpcf7-validates-as-required\" aria-required=\"true\" aria-invalid=\"false\" placeholder=\"Subject\" value=\"\" type=\"text\" name=\"subject\" \/><\/span>\n\t\t<\/p>\n\t<\/div>\n\t<div class=\"col-xs-12 col-sm-12 col-md-12 col-lg-12\">\n\t\t<p><span class=\"wpcf7-form-control-wrap\" data-name=\"your-message\"><textarea cols=\"40\" rows=\"10\" maxlength=\"2000\" class=\"wpcf7-form-control wpcf7-textarea wpcf7-validates-as-required\" aria-required=\"true\" aria-invalid=\"false\" placeholder=\"Your message\" name=\"your-message\"><\/textarea><\/span>\n\t\t<\/p>\n\t<\/div>\n\t<div class=\"col-xs-12 col-sm-6 col-md-6 col-lg-6\">\n\t\t<p><input class=\"wpcf7-form-control wpcf7-submit has-spinner\" type=\"submit\" value=\"Send\" \/>\n\t\t<\/p>\n\t<\/div>\n<\/div><div class=\"wpcf7-response-output\" aria-hidden=\"true\"><\/div>\n<input type=\"hidden\" name=\"trp-form-language\" value=\"de\"\/><\/form>\n<\/div>\n       \n        <\/div><!-- tx-contact-form-7 -->\n        \n    \t\t\t\t<\/div>\n\t\t\t\t<\/div>\n\t\t\t\t\t<\/div>\n\t\t<\/div>\n\t\t\t\t<div class=\"elementor-column elementor-col-33 elementor-top-column elementor-element elementor-element-eaf4bbd\" data-id=\"eaf4bbd\" data-element_type=\"column\" data-e-type=\"column\">\n\t\t\t<div class=\"elementor-widget-wrap\">\n\t\t\t\t\t\t\t<\/div>\n\t\t<\/div>\n\t\t\t\t<div class=\"elementor-column elementor-col-33 elementor-top-column elementor-element elementor-element-707b819\" data-id=\"707b819\" data-element_type=\"column\" data-e-type=\"column\">\n\t\t\t<div class=\"elementor-widget-wrap elementor-element-populated\">\n\t\t\t\t\t\t<div class=\"elementor-element elementor-element-f09b1ce elementor-icon-list--layout-traditional elementor-list-item-link-full_width elementor-widget elementor-widget-icon-list\" data-id=\"f09b1ce\" data-element_type=\"widget\" data-e-type=\"widget\" data-widget_type=\"icon-list.default\">\n\t\t\t\t<div class=\"elementor-widget-container\">\n\t\t\t\t\t\t\t<ul class=\"elementor-icon-list-items\">\n\t\t\t\t\t\t\t<li class=\"elementor-icon-list-item\">\n\t\t\t\t\t\t\t\t\t\t\t<a href=\"https:\/\/www.google.com\/maps\/place\/Yakuplu,+Haramidere+Sanayi+Sitesi+P%C4%B1rlanta+Sk+No:70,+34524+Beylikd%C3%BCz%C3%BC+Osb%2FBeylikd%C3%BCz%C3%BC%2F%C4%B0stanbul\/@41.001878,28.685292,16z\/data=!4m5!3m4!1s0x14caa0887c3d3ddb:0x4daac7d88f7b6f53!8m2!3d41.0018779!4d28.6852921?hl=tr&#038;entry=ttu\" target=\"_blank\">\n\n\t\t\t\t\t\t\t\t\t\t\t\t<span class=\"elementor-icon-list-icon\">\n\t\t\t\t\t\t\t<i aria-hidden=\"true\" class=\"fab fa-telegram-plane\"><\/i>\t\t\t\t\t\t<\/span>\n\t\t\t\t\t\t\t\t\t\t<span class=\"elementor-icon-list-text\">Viawest Ticaret Merkezi, Hatip Mahallesi, Ali Osman \u00c7elebi Bulvar\u0131, Akasma Sokak, No:4 \/ N4, 59860 \u00c7orlu-Tekirda\u011f \/T\u00fcrkiye<\/span>\n\t\t\t\t\t\t\t\t\t\t\t<\/a>\n\t\t\t\t\t\t\t\t\t<\/li>\n\t\t\t\t\t\t\t\t<li class=\"elementor-icon-list-item\">\n\t\t\t\t\t\t\t\t\t\t\t<a href=\"tel:+902825022949\">\n\n\t\t\t\t\t\t\t\t\t\t\t\t<span class=\"elementor-icon-list-icon\">\n\t\t\t\t\t\t\t<i aria-hidden=\"true\" class=\"fas fa-phone-square-alt\"><\/i>\t\t\t\t\t\t<\/span>\n\t\t\t\t\t\t\t\t\t\t<span class=\"elementor-icon-list-text\">+90 282 5022949<\/span>\n\t\t\t\t\t\t\t\t\t\t\t<\/a>\n\t\t\t\t\t\t\t\t\t<\/li>\n\t\t\t\t\t\t\t\t<li class=\"elementor-icon-list-item\">\n\t\t\t\t\t\t\t\t\t\t\t<a href=\"mailto:info@tokoz.com.tr\">\n\n\t\t\t\t\t\t\t\t\t\t\t\t<span class=\"elementor-icon-list-icon\">\n\t\t\t\t\t\t\t<i aria-hidden=\"true\" class=\"fas fa-envelope\"><\/i>\t\t\t\t\t\t<\/span>\n\t\t\t\t\t\t\t\t\t\t<span class=\"elementor-icon-list-text\">info@tokoz.com.tr<\/span>\n\t\t\t\t\t\t\t\t\t\t\t<\/a>\n\t\t\t\t\t\t\t\t\t<\/li>\n\t\t\t\t\t\t\t\t<li class=\"elementor-icon-list-item\">\n\t\t\t\t\t\t\t\t\t\t\t<a href=\"mailto:satis@tokoz.com.tr\">\n\n\t\t\t\t\t\t\t\t\t\t\t\t<span class=\"elementor-icon-list-icon\">\n\t\t\t\t\t\t\t<i aria-hidden=\"true\" class=\"fas fa-envelope\"><\/i>\t\t\t\t\t\t<\/span>\n\t\t\t\t\t\t\t\t\t\t<span class=\"elementor-icon-list-text\">satis@tokoz.com.tr<\/span>\n\t\t\t\t\t\t\t\t\t\t\t<\/a>\n\t\t\t\t\t\t\t\t\t<\/li>\n\t\t\t\t\t\t<\/ul>\n\t\t\t\t\t\t<\/div>\n\t\t\t\t<\/div>\n\t\t\t\t<div class=\"elementor-element elementor-element-47531bb elementor-widget__width-auto elementor-shape-rounded elementor-grid-0 e-grid-align-center elementor-widget elementor-widget-social-icons\" data-id=\"47531bb\" data-element_type=\"widget\" data-e-type=\"widget\" data-widget_type=\"social-icons.default\">\n\t\t\t\t<div class=\"elementor-widget-container\">\n\t\t\t\t\t\t\t<div class=\"elementor-social-icons-wrapper elementor-grid\" role=\"list\">\n\t\t\t\t\t\t\t<span class=\"elementor-grid-item\" role=\"listitem\">\n\t\t\t\t\t<a class=\"elementor-icon elementor-social-icon elementor-social-icon-linkedin elementor-repeater-item-32f8ce8\" href=\"https:\/\/www.linkedin.com\/company\/tokoz-pedestals\/\" target=\"_blank\">\n\t\t\t\t\t\t<span class=\"elementor-screen-only\">Linkedin<\/span>\n\t\t\t\t\t\t<i aria-hidden=\"true\" class=\"fab fa-linkedin\"><\/i>\t\t\t\t\t<\/a>\n\t\t\t\t<\/span>\n\t\t\t\t\t\t\t<span class=\"elementor-grid-item\" role=\"listitem\">\n\t\t\t\t\t<a class=\"elementor-icon elementor-social-icon elementor-social-icon-instagram elementor-repeater-item-cf88fb7\" href=\"https:\/\/www.instagram.com\/tokoz_international\/\" target=\"_blank\">\n\t\t\t\t\t\t<span class=\"elementor-screen-only\">Instagram<\/span>\n\t\t\t\t\t\t<i aria-hidden=\"true\" class=\"fab fa-instagram\"><\/i>\t\t\t\t\t<\/a>\n\t\t\t\t<\/span>\n\t\t\t\t\t\t\t<span class=\"elementor-grid-item\" role=\"listitem\">\n\t\t\t\t\t<a class=\"elementor-icon elementor-social-icon elementor-social-icon-youtube elementor-repeater-item-6e6ecb2\" href=\"https:\/\/www.youtube.com\/channel\/UCNe82keK-qRzhAhcRfzUJLA\" target=\"_blank\">\n\t\t\t\t\t\t<span class=\"elementor-screen-only\">Youtube<\/span>\n\t\t\t\t\t\t<i aria-hidden=\"true\" class=\"fab fa-youtube\"><\/i>\t\t\t\t\t<\/a>\n\t\t\t\t<\/span>\n\t\t\t\t\t\t\t<span class=\"elementor-grid-item\" role=\"listitem\">\n\t\t\t\t\t<a class=\"elementor-icon elementor-social-icon elementor-social-icon-pinterest elementor-repeater-item-07f5477\" href=\"https:\/\/tr.pinterest.com\/tokozinternationaI\" target=\"_blank\">\n\t\t\t\t\t\t<span class=\"elementor-screen-only\">Pinterest<\/span>\n\t\t\t\t\t\t<i aria-hidden=\"true\" class=\"fab fa-pinterest\"><\/i>\t\t\t\t\t<\/a>\n\t\t\t\t<\/span>\n\t\t\t\t\t<\/div>\n\t\t\t\t\t\t<\/div>\n\t\t\t\t<\/div>\n\t\t\t\t\t<\/div>\n\t\t<\/div>\n\t\t\t\t\t<\/div>\n\t\t<\/section>\n\t\t<div class=\"elementor-element elementor-element-20d39a1 e-flex e-con-boxed e-con e-parent\" data-id=\"20d39a1\" data-element_type=\"container\" data-e-type=\"container\">\n\t\t\t\t\t<div class=\"e-con-inner\">\n\t\t\t\t<div class=\"elementor-element elementor-element-58dd64f elementor-widget elementor-widget-text-editor\" data-id=\"58dd64f\" data-element_type=\"widget\" data-e-type=\"widget\" data-widget_type=\"text-editor.default\">\n\t\t\t\t<div class=\"elementor-widget-container\">\n\t\t\t\t\t\t\t\t\t<p>TOKOZ ULUSLARARASI PLASTI\u0307K MALZEMELER SANAYI\u0307 TI\u0307CARET ANONI\u0307M S\u0327I\u0307RKETI\u0307<\/p><p class=\"translation-block\">Tax Administration\/Vergi Dairesi: \u00c7orlu<br>Tax No\/Vergi Numaras\u0131:&nbsp;8480727223<br>Trade Register No\/Ticaret Sicil No.: 234973-5<\/p><p>You can check its currentness and accuracy at https:\/\/ivd.gib.gov.tr.<\/p>\t\t\t\t\t\t\t\t<\/div>\n\t\t\t\t<\/div>\n\t\t\t\t\t<\/div>\n\t\t\t\t<\/div>\n\t\t\t\t<\/div>","protected":false},"excerpt":{"rendered":"<p class=\"tx-excerpt\">Viawest Ticaret Merkezi, Hatip Mahallesi, Ali Osman \u00c7elebi Bulvar\u0131, Akasma Sokak, No:4 \/ N4, 59860 \u00c7orlu-Tekirda\u011f \/T\u00fcrkiye +90 282 5022949 info@tokoz.com.tr satis@tokoz.com.tr Linkedin Instagram Youtube...<\/p>","protected":false},"author":1,"featured_media":0,"parent":0,"menu_order":0,"comment_status":"closed","ping_status":"closed","template":"","meta":{"footnotes":""},"class_list":["post-262","page","type-page","status-publish","hentry"],"yoast_head":"<!-- This site is optimized with the Yoast SEO Premium plugin v21.7 (Yoast SEO v27.3) - https:\/\/yoast.com\/product\/yoast-seo-premium-wordpress\/ -->\n<title>CONTACT US - Adjustable Plastic Flooring Pedestals and Outdoor floating floor pedestal<\/title>\n<meta name=\"description\" content=\"We produce raised floor pedestals and outdoor floating floor pedestal. Composite deck prices and pedestal foot products on our site.\" \/>\n<meta name=\"robots\" content=\"index, follow, max-snippet:-1, max-image-preview:large, max-video-preview:-1\" \/>\n<link rel=\"canonical\" href=\"https:\/\/tokozint.com\/de\/contact-us\/\" \/>\n<meta property=\"og:locale\" content=\"de_DE\" \/>\n<meta property=\"og:type\" content=\"article\" \/>\n<meta property=\"og:title\" content=\"CONTACT US\" \/>\n<meta property=\"og:description\" content=\"We produce raised floor pedestals and outdoor floating floor pedestal. Composite deck prices and pedestal foot products on our site.\" \/>\n<meta property=\"og:url\" content=\"https:\/\/tokozint.com\/de\/contact-us\/\" \/>\n<meta property=\"og:site_name\" content=\"Adjustable Plastic Flooring Pedestals and Outdoor floating floor pedestal\" \/>\n<meta property=\"article:publisher\" content=\"https:\/\/www.facebook.com\/tokozint\" \/>\n<meta property=\"article:modified_time\" content=\"2025-04-02T22:46:29+00:00\" \/>\n<meta property=\"og:image\" content=\"https:\/\/tokozint.com\/wp-content\/uploads\/2019\/10\/Premium-t-logo.png\" \/>\n\t<meta property=\"og:image:width\" content=\"2079\" \/>\n\t<meta property=\"og:image:height\" content=\"2079\" \/>\n\t<meta property=\"og:image:type\" content=\"image\/png\" \/>\n<meta name=\"twitter:card\" content=\"summary_large_image\" \/>\n<meta name=\"twitter:label1\" content=\"Gesch\u00e4tzte Lesezeit\" \/>\n\t<meta name=\"twitter:data1\" content=\"1\u00a0Minute\" \/>\n<script type=\"application\/ld+json\" class=\"yoast-schema-graph\">{\"@context\":\"https:\\\/\\\/schema.org\",\"@graph\":[{\"@type\":\"WebPage\",\"@id\":\"https:\\\/\\\/tokozint.com\\\/contact-us\\\/\",\"url\":\"https:\\\/\\\/tokozint.com\\\/contact-us\\\/\",\"name\":\"CONTACT US - Adjustable Plastic Flooring Pedestals and Outdoor floating floor pedestal\",\"isPartOf\":{\"@id\":\"https:\\\/\\\/tokozint.com\\\/#website\"},\"datePublished\":\"2019-10-19T04:15:30+00:00\",\"dateModified\":\"2025-04-02T22:46:29+00:00\",\"description\":\"We produce raised floor pedestals and outdoor floating floor pedestal. Composite deck prices and pedestal foot products on our site.\",\"breadcrumb\":{\"@id\":\"https:\\\/\\\/tokozint.com\\\/contact-us\\\/#breadcrumb\"},\"inLanguage\":\"de\",\"potentialAction\":[{\"@type\":\"ReadAction\",\"target\":[\"https:\\\/\\\/tokozint.com\\\/contact-us\\\/\"]}]},{\"@type\":\"BreadcrumbList\",\"@id\":\"https:\\\/\\\/tokozint.com\\\/contact-us\\\/#breadcrumb\",\"itemListElement\":[{\"@type\":\"ListItem\",\"position\":1,\"name\":\"Home\",\"item\":\"https:\\\/\\\/tokozint.com\\\/\"},{\"@type\":\"ListItem\",\"position\":2,\"name\":\"CONTACT US\"}]},{\"@type\":\"WebSite\",\"@id\":\"https:\\\/\\\/tokozint.com\\\/#website\",\"url\":\"https:\\\/\\\/tokozint.com\\\/\",\"name\":\"Adjustable Plastic Flooring Pedestals and Outdoor floating floor pedestal\",\"description\":\"We produce raised floor pedestals and outdoor floating floor pedestal. Composite deck prices and pedestal foot products on our site.\",\"publisher\":{\"@id\":\"https:\\\/\\\/tokozint.com\\\/#organization\"},\"potentialAction\":[{\"@type\":\"SearchAction\",\"target\":{\"@type\":\"EntryPoint\",\"urlTemplate\":\"https:\\\/\\\/tokozint.com\\\/?s={search_term_string}\"},\"query-input\":{\"@type\":\"PropertyValueSpecification\",\"valueRequired\":true,\"valueName\":\"search_term_string\"}}],\"inLanguage\":\"de\"},{\"@type\":\"Organization\",\"@id\":\"https:\\\/\\\/tokozint.com\\\/#organization\",\"name\":\"Tokoz International Adjustable Plastic Flooring Pedestals\",\"alternateName\":\"We produce raised floor pedestals and outdoor floating floor pedestal. Composite deck prices and pedestal foot products on our site.\",\"url\":\"https:\\\/\\\/tokozint.com\\\/\",\"logo\":{\"@type\":\"ImageObject\",\"inLanguage\":\"de\",\"@id\":\"https:\\\/\\\/tokozint.com\\\/#\\\/schema\\\/logo\\\/image\\\/\",\"url\":\"https:\\\/\\\/tokozint.com\\\/wp-content\\\/uploads\\\/2023\\\/11\\\/Perium-logo.png\",\"contentUrl\":\"https:\\\/\\\/tokozint.com\\\/wp-content\\\/uploads\\\/2023\\\/11\\\/Perium-logo.png\",\"width\":516,\"height\":516,\"caption\":\"Tokoz International Adjustable Plastic Flooring Pedestals\"},\"image\":{\"@id\":\"https:\\\/\\\/tokozint.com\\\/#\\\/schema\\\/logo\\\/image\\\/\"},\"sameAs\":[\"https:\\\/\\\/www.facebook.com\\\/tokozint\",\"https:\\\/\\\/www.instagram.com\\\/tokozint\\\/\"]}]}<\/script>\n<!-- \/ Yoast SEO Premium plugin. -->","yoast_head_json":{"title":"CONTACT US - Adjustable Plastic Flooring Pedestals and Outdoor floating floor pedestal","description":"Wir produzieren Doppelbodensockel und schwimmende Bodensockel f\u00fcr den Au\u00dfenbereich. Preise f\u00fcr Verbunddecks und Sockelfu\u00dfprodukte auf unserer Website. Verstellbare Kunststofff\u00fc\u00dfe und \nStelzlager holzterrasse.","robots":{"index":"index","follow":"follow","max-snippet":"max-snippet:-1","max-image-preview":"max-image-preview:large","max-video-preview":"max-video-preview:-1"},"canonical":"https:\/\/tokozint.com\/de\/contact-us\/","og_locale":"de_DE","og_type":"article","og_title":"CONTACT US","og_description":"We produce raised floor pedestals and outdoor floating floor pedestal. Composite deck prices and pedestal foot products on our site.","og_url":"https:\/\/tokozint.com\/de\/contact-us\/","og_site_name":"Adjustable Plastic Flooring Pedestals and Outdoor floating floor pedestal","article_publisher":"https:\/\/www.facebook.com\/tokozint","article_modified_time":"2025-04-02T22:46:29+00:00","og_image":[{"width":2079,"height":2079,"url":"https:\/\/tokozint.com\/wp-content\/uploads\/2019\/10\/Premium-t-logo.png","type":"image\/png"}],"twitter_card":"summary_large_image","twitter_misc":{"Gesch\u00e4tzte Lesezeit":"1\u00a0Minute"},"schema":{"@context":"https:\/\/schema.org","@graph":[{"@type":"WebPage","@id":"https:\/\/tokozint.com\/contact-us\/","url":"https:\/\/tokozint.com\/contact-us\/","name":"CONTACT US - Adjustable Plastic Flooring Pedestals and Outdoor floating floor pedestal","isPartOf":{"@id":"https:\/\/tokozint.com\/#website"},"datePublished":"2019-10-19T04:15:30+00:00","dateModified":"2025-04-02T22:46:29+00:00","description":"Wir produzieren Doppelbodensockel und schwimmende Bodensockel f\u00fcr den Au\u00dfenbereich. Preise f\u00fcr Verbunddecks und Sockelfu\u00dfprodukte auf unserer Website. Verstellbare Kunststofff\u00fc\u00dfe und \nStelzlager holzterrasse.","breadcrumb":{"@id":"https:\/\/tokozint.com\/contact-us\/#breadcrumb"},"inLanguage":"de","potentialAction":[{"@type":"ReadAction","target":["https:\/\/tokozint.com\/contact-us\/"]}]},{"@type":"BreadcrumbList","@id":"https:\/\/tokozint.com\/contact-us\/#breadcrumb","itemListElement":[{"@type":"ListItem","position":1,"name":"Home","item":"https:\/\/tokozint.com\/"},{"@type":"ListItem","position":2,"name":"CONTACT US"}]},{"@type":"WebSite","@id":"https:\/\/tokozint.com\/#website","url":"https:\/\/tokozint.com\/","name":"Verstellbare Kunststofff\u00fc\u00dfe und Stelzlager holzterrasse","description":"Wir produzieren Doppelbodensockel und schwimmende Bodensockel f\u00fcr den Au\u00dfenbereich. Preise f\u00fcr Verbunddecks und Sockelfu\u00dfprodukte auf unserer Website. Verstellbare Kunststofff\u00fc\u00dfe und \nStelzlager holzterrasse.","publisher":{"@id":"https:\/\/tokozint.com\/#organization"},"potentialAction":[{"@type":"SearchAction","target":{"@type":"EntryPoint","urlTemplate":"https:\/\/tokozint.com\/?s={search_term_string}"},"query-input":{"@type":"PropertyValueSpecification","valueRequired":true,"valueName":"search_term_string"}}],"inLanguage":"de"},{"@type":"Organization","@id":"https:\/\/tokozint.com\/#organization","name":"Tokoz International Adjustable Plastic Flooring Pedestals","alternateName":"We produce raised floor pedestals and outdoor floating floor pedestal. Composite deck prices and pedestal foot products on our site.","url":"https:\/\/tokozint.com\/","logo":{"@type":"ImageObject","inLanguage":"de","@id":"https:\/\/tokozint.com\/#\/schema\/logo\/image\/","url":"https:\/\/tokozint.com\/wp-content\/uploads\/2023\/11\/Perium-logo.png","contentUrl":"https:\/\/tokozint.com\/wp-content\/uploads\/2023\/11\/Perium-logo.png","width":516,"height":516,"caption":"Tokoz International Adjustable Plastic Flooring Pedestals"},"image":{"@id":"https:\/\/tokozint.com\/#\/schema\/logo\/image\/"},"sameAs":["https:\/\/www.facebook.com\/tokozint","https:\/\/www.instagram.com\/tokozint\/"]}]}},"meta_box":[],"_links":{"self":[{"href":"https:\/\/tokozint.com\/de\/wp-json\/wp\/v2\/pages\/262","targetHints":{"allow":["GET"]}}],"collection":[{"href":"https:\/\/tokozint.com\/de\/wp-json\/wp\/v2\/pages"}],"about":[{"href":"https:\/\/tokozint.com\/de\/wp-json\/wp\/v2\/types\/page"}],"author":[{"embeddable":true,"href":"https:\/\/tokozint.com\/de\/wp-json\/wp\/v2\/users\/1"}],"replies":[{"embeddable":true,"href":"https:\/\/tokozint.com\/de\/wp-json\/wp\/v2\/comments?post=262"}],"version-history":[{"count":34,"href":"https:\/\/tokozint.com\/de\/wp-json\/wp\/v2\/pages\/262\/revisions"}],"predecessor-version":[{"id":7063,"href":"https:\/\/tokozint.com\/de\/wp-json\/wp\/v2\/pages\/262\/revisions\/7063"}],"wp:attachment":[{"href":"https:\/\/tokozint.com\/de\/wp-json\/wp\/v2\/media?parent=262"}],"curies":[{"name":"wp","href":"https:\/\/api.w.org\/{rel}","templated":true}]}}